{"id":265,"date":"2025-04-30T16:28:45","date_gmt":"2025-04-30T14:28:45","guid":{"rendered":"https:\/\/schifferlecomputer.ch\/?page_id=265"},"modified":"2025-05-01T21:52:20","modified_gmt":"2025-05-01T19:52:20","slug":"chi-siamo","status":"publish","type":"page","link":"https:\/\/schifferlecomputer.ch\/it\/chi-siamo\/","title":{"rendered":"Chi Siamo"},"content":{"rendered":"<div class=\"fusion-fullwidth fullwidth-box fusion-builder-row-1 fusion-flex-container has-pattern-background has-mask-background nonhundred-percent-fullwidth non-hundred-percent-height-scrolling\" style=\"--awb-border-radius-top-left:0px;--awb-border-radius-top-right:0px;--awb-border-radius-bottom-right:0px;--awb-border-radius-bottom-left:0px;--awb-flex-wrap:wrap;\" ><div class=\"fusion-builder-row fusion-row fusion-flex-align-items-flex-start fusion-flex-content-wrap\" style=\"max-width:1216.8px;margin-left: calc(-4% \/ 2 );margin-right: calc(-4% \/ 2 );\"><div class=\"fusion-layout-column fusion_builder_column fusion-builder-column-0 fusion_builder_column_1_1 1_1 fusion-flex-column\" style=\"--awb-bg-size:cover;--awb-width-large:100%;--awb-margin-top-large:15px;--awb-spacing-right-large:1.92%;--awb-margin-bottom-large:15px;--awb-spacing-left-large:1.92%;--awb-width-medium:100%;--awb-order-medium:0;--awb-spacing-right-medium:1.92%;--awb-spacing-left-medium:1.92%;--awb-width-small:100%;--awb-order-small:0;--awb-spacing-right-small:1.92%;--awb-spacing-left-small:1.92%;\"><div class=\"fusion-column-wrapper fusion-column-has-shadow fusion-flex-justify-content-flex-start fusion-content-layout-column\"><div class=\"fusion-text fusion-text-1\"><p><strong>Nome dell&#8217;azienda: Schifferle Computer<\/strong><br \/><strong>\u2022 Anno di fondazione:<\/strong> 2006<br \/><strong>\u2022 Settori principali:<\/strong> Gestione e configurazione di hardware, reti, software, moduli, connessioni e elaborazione dati<\/p>\n<p>Schifferle Computer \u00e8 un&#8217;azienda che dal 2006 offre soluzioni ICT personalizzate per privati e aziende. Il nostro focus \u00e8 sulla fornitura di hardware e software di alta qualit\u00e0 e nello sviluppo di soluzioni software su misura. Schifferle Computer si distingue per prodotti di alta qualit\u00e0, efficienti e facili da usare, progettati per soddisfare esattamente le esigenze dei nostri clienti.<\/p>\n<p>Con quasi due decenni di esperienza nel settore, offriamo supporto ICT affidabile, consulenze complete e concetti ICT innovativi. I nostri principali servizi includono l&#8217;installazione e la manutenzione di sistemi ICT, backup dei dati, tecnologie di rete, sviluppo software personalizzato e aggiornamenti regolari. Schifferle Computer punta su soluzioni ICT di alta qualit\u00e0 e sostenibili, mantenendo una stretta collaborazione con i suoi clienti per costruire partnership a lungo termine e stabili.<\/p>\n<p>La nostra azienda offre soluzioni che seguono gli sviluppi tecnologici pi\u00f9 recenti e supporta i nostri clienti nell&#8217;ottimizzare la loro infrastruttura ICT per massimizzare l&#8217;efficienza e la sicurezza.<\/p>\n<p>Benvenuti in Schifferle Computer \u2013 La tua visione: ICT senza preoccupazioni<\/p>\n<p>Ti sei mai fatto una di queste domande?<br \/>\u2022 Sei regolarmente tormentato da virus?<br \/>\u2022 I problemi ICT ostacolano la tua produttivit\u00e0?<br \/>\u2022 Rimandi importanti investimenti ICT o misure di sicurezza?<br \/>\u2022 Ti manca una visione d&#8217;insieme dei costi totali della tua infrastruttura ICT?<br \/>\u2022 Vuoi ottimizzare la tua struttura dei costi ICT?<br \/>\u2022 Hai mai pensato di esternalizzare l&#8217;ICT?<\/p>\n<p>Se rispondi &#8220;S\u00ec&#8221; a una o pi\u00f9 di queste domande, abbiamo la soluzione giusta per te.<\/p>\n<p>Con Schifferle Computer, aumenti la tua sicurezza ICT, riduci i costi e guadagni tempo prezioso, per concentrarti su ci\u00f2 che conta davvero: il tuo core business.<\/p>\n<p>La nostra strategia aziendale<br \/>Professionalit\u00e0, qualit\u00e0 superiore e prezzi equi \u2013 su questa base costruiamo relazioni clienti a lungo termine e di fiducia. Le nostre soluzioni sono progettate per stabilit\u00e0, trasparenza e risultati sostenibili.<\/p>\n<\/div><\/div><\/div><\/div><\/div>\n","protected":false},"excerpt":{"rendered":"","protected":false},"author":1,"featured_media":0,"parent":0,"menu_order":0,"comment_status":"closed","ping_status":"closed","template":"100-width.php","meta":{"footnotes":""},"class_list":["post-265","page","type-page","status-publish","hentry"],"yoast_head":"<!-- This site is optimized with the Yoast SEO plugin v27.4 - https:\/\/yoast.com\/product\/yoast-seo-wordpress\/ -->\n<title>Chi Siamo - Schifferle Computer<\/title>\n<meta name=\"robots\" content=\"index, follow, max-snippet:-1, max-image-preview:large, max-video-preview:-1\" \/>\n<link rel=\"canonical\" href=\"https:\/\/schifferlecomputer.ch\/uber-uns\/\" \/>\n<meta property=\"og:locale\" content=\"it_IT\" \/>\n<meta property=\"og:type\" content=\"article\" \/>\n<meta property=\"og:title\" content=\"Chi Siamo - Schifferle Computer\" \/>\n<meta property=\"og:url\" content=\"https:\/\/schifferlecomputer.ch\/uber-uns\/\" \/>\n<meta property=\"og:site_name\" content=\"Schifferle Computer\" \/>\n<meta property=\"article:modified_time\" content=\"2025-05-01T19:52:20+00:00\" \/>\n<meta name=\"twitter:card\" content=\"summary_large_image\" \/>\n<meta name=\"twitter:label1\" content=\"Tempo di lettura stimato\" \/>\n\t<meta name=\"twitter:data1\" content=\"7 minuti\" \/>\n<script type=\"application\/ld+json\" class=\"yoast-schema-graph\">{\"@context\":\"https:\\\/\\\/schema.org\",\"@graph\":[{\"@type\":\"WebPage\",\"@id\":\"https:\\\/\\\/schifferlecomputer.ch\\\/uber-uns\\\/\",\"url\":\"https:\\\/\\\/schifferlecomputer.ch\\\/uber-uns\\\/\",\"name\":\"Chi Siamo - Schifferle Computer\",\"isPartOf\":{\"@id\":\"https:\\\/\\\/schifferlecomputer.ch\\\/#website\"},\"datePublished\":\"2025-04-30T14:28:45+00:00\",\"dateModified\":\"2025-05-01T19:52:20+00:00\",\"breadcrumb\":{\"@id\":\"https:\\\/\\\/schifferlecomputer.ch\\\/uber-uns\\\/#breadcrumb\"},\"inLanguage\":\"it-IT\",\"potentialAction\":[{\"@type\":\"ReadAction\",\"target\":[\"https:\\\/\\\/schifferlecomputer.ch\\\/uber-uns\\\/\"]}]},{\"@type\":\"BreadcrumbList\",\"@id\":\"https:\\\/\\\/schifferlecomputer.ch\\\/uber-uns\\\/#breadcrumb\",\"itemListElement\":[{\"@type\":\"ListItem\",\"position\":1,\"name\":\"Start\",\"item\":\"https:\\\/\\\/schifferlecomputer.ch\\\/it\\\/\"},{\"@type\":\"ListItem\",\"position\":2,\"name\":\"Chi Siamo\"}]},{\"@type\":\"WebSite\",\"@id\":\"https:\\\/\\\/schifferlecomputer.ch\\\/#website\",\"url\":\"https:\\\/\\\/schifferlecomputer.ch\\\/\",\"name\":\"Schifferle Computer\",\"description\":\"\",\"potentialAction\":[{\"@type\":\"SearchAction\",\"target\":{\"@type\":\"EntryPoint\",\"urlTemplate\":\"https:\\\/\\\/schifferlecomputer.ch\\\/?s={search_term_string}\"},\"query-input\":{\"@type\":\"PropertyValueSpecification\",\"valueRequired\":true,\"valueName\":\"search_term_string\"}}],\"inLanguage\":\"it-IT\"}]}<\/script>\n<!-- \/ Yoast SEO plugin. -->","yoast_head_json":{"title":"Chi Siamo - Schifferle Computer","robots":{"index":"index","follow":"follow","max-snippet":"max-snippet:-1","max-image-preview":"max-image-preview:large","max-video-preview":"max-video-preview:-1"},"canonical":"https:\/\/schifferlecomputer.ch\/uber-uns\/","og_locale":"it_IT","og_type":"article","og_title":"Chi Siamo - Schifferle Computer","og_url":"https:\/\/schifferlecomputer.ch\/uber-uns\/","og_site_name":"Schifferle Computer","article_modified_time":"2025-05-01T19:52:20+00:00","twitter_card":"summary_large_image","twitter_misc":{"Tempo di lettura stimato":"7 minuti"},"schema":{"@context":"https:\/\/schema.org","@graph":[{"@type":"WebPage","@id":"https:\/\/schifferlecomputer.ch\/uber-uns\/","url":"https:\/\/schifferlecomputer.ch\/uber-uns\/","name":"Chi Siamo - Schifferle Computer","isPartOf":{"@id":"https:\/\/schifferlecomputer.ch\/#website"},"datePublished":"2025-04-30T14:28:45+00:00","dateModified":"2025-05-01T19:52:20+00:00","breadcrumb":{"@id":"https:\/\/schifferlecomputer.ch\/uber-uns\/#breadcrumb"},"inLanguage":"it-IT","potentialAction":[{"@type":"ReadAction","target":["https:\/\/schifferlecomputer.ch\/uber-uns\/"]}]},{"@type":"BreadcrumbList","@id":"https:\/\/schifferlecomputer.ch\/uber-uns\/#breadcrumb","itemListElement":[{"@type":"ListItem","position":1,"name":"Start","item":"https:\/\/schifferlecomputer.ch\/it\/"},{"@type":"ListItem","position":2,"name":"Chi Siamo"}]},{"@type":"WebSite","@id":"https:\/\/schifferlecomputer.ch\/#website","url":"https:\/\/schifferlecomputer.ch\/","name":"Schifferle Computer","description":"","potentialAction":[{"@type":"SearchAction","target":{"@type":"EntryPoint","urlTemplate":"https:\/\/schifferlecomputer.ch\/?s={search_term_string}"},"query-input":{"@type":"PropertyValueSpecification","valueRequired":true,"valueName":"search_term_string"}}],"inLanguage":"it-IT"}]}},"_links":{"self":[{"href":"https:\/\/schifferlecomputer.ch\/it\/wp-json\/wp\/v2\/pages\/265","targetHints":{"allow":["GET"]}}],"collection":[{"href":"https:\/\/schifferlecomputer.ch\/it\/wp-json\/wp\/v2\/pages"}],"about":[{"href":"https:\/\/schifferlecomputer.ch\/it\/wp-json\/wp\/v2\/types\/page"}],"author":[{"embeddable":true,"href":"https:\/\/schifferlecomputer.ch\/it\/wp-json\/wp\/v2\/users\/1"}],"replies":[{"embeddable":true,"href":"https:\/\/schifferlecomputer.ch\/it\/wp-json\/wp\/v2\/comments?post=265"}],"version-history":[{"count":0,"href":"https:\/\/schifferlecomputer.ch\/it\/wp-json\/wp\/v2\/pages\/265\/revisions"}],"wp:attachment":[{"href":"https:\/\/schifferlecomputer.ch\/it\/wp-json\/wp\/v2\/media?parent=265"}],"curies":[{"name":"wp","href":"https:\/\/api.w.org\/{rel}","templated":true}]}}