{"id":1294,"date":"2025-08-17T15:47:06","date_gmt":"2025-08-17T13:47:06","guid":{"rendered":"https:\/\/schifferlecomputer.ch\/?post_type=product&#038;p=1294"},"modified":"2025-08-17T15:47:07","modified_gmt":"2025-08-17T13:47:07","slug":"asus-vga-rtx4060ti-8gb-dual-o8g-evo","status":"publish","type":"product","link":"https:\/\/schifferlecomputer.ch\/it\/shop\/asus-vga-rtx4060ti-8gb-dual-o8g-evo\/","title":{"rendered":"ASUS VGA RTX4060TI 8GB Dual O8G Evo"},"content":{"rendered":"<p class=\"yVWuFvz6 yVWuFvz7 yVWuFvz9\">La ASUS Dual GeForce RTX 4060 Ti EVO OC \u00e8 una scheda grafica potente, progettata specificamente per i gamer. Combina tecnologie di raffreddamento avanzate con un design compatto, offrendo prestazioni eccezionali in un formato salvaspazio. Con 8 GB di memoria GDDR6 e la capacit\u00e0 di supportare risoluzioni fino a 8K, questa scheda grafica \u00e8 ideale per applicazioni di gioco esigenti. La scheda \u00e8 dotata di due ventole Axial-Tech che massimizzano il flusso d&#8217;aria e aumentano l&#8217;efficienza di raffreddamento, portando a un miglioramento delle prestazioni complessive.<\/p>\n<p class=\"yVWuFvz6 yVWuFvzB yVWuFvzC\">Punti salienti:<\/p>\n<ul class=\"yVWuFvzD\">\n<li class=\"yVWuFvzE yVWuFvzF yVWuFvzG\">Frequenza di boost fino a 2595 MHz in modalit\u00e0 OC<\/li>\n<li class=\"yVWuFvzE yVWuFvzF yVWuFvzG\">Supporta fino a quattro display simultanei<\/li>\n<li class=\"yVWuFvzE yVWuFvzF yVWuFvzG\">Tecnologia 0dB per un funzionamento silenzioso durante le applicazioni meno impegnative.<\/li>\n<\/ul>\n<table class=\"yxKaXMd yao2wOS1\" style=\"height: 287px;\" width=\"713\">\n<caption class=\"yao2wOSb\">\n<h3 class=\"yqD32XT9 yrKTEQa\">Le specifiche pi\u00f9 importanti in sintesi<\/h3>\n<\/caption>\n<tbody>\n<tr class=\"yOkvvt63 yuy9OxC yuy9OxC2 yuy9OxC3 yuy9OxC5\">\n<td class=\"yOkvvt64 yOkvvt65 yOkvvt6B yOkvvt6C yOkvvt6E\">\n<div class=\"ywIf8Ay\">Lunghezza<\/div>\n<\/td>\n<td class=\"yOkvvt64 yOkvvt65 yOkvvt6B yOkvvt6C yOkvvt6E\">22.72\u00a0cm<\/td>\n<\/tr>\n<tr class=\"yOkvvt63 yuy9OxC yuy9OxC2 yuy9OxC3 yuy9OxC5\">\n<td class=\"yOkvvt64 yOkvvt65 yOkvvt6B yOkvvt6C yOkvvt6E\">\n<div class=\"ywIf8Ay\">No. di shader<\/div>\n<\/td>\n<td class=\"yOkvvt64 yOkvvt65 yOkvvt6B yOkvvt6C yOkvvt6E\">4352\u00a0x<\/td>\n<\/tr>\n<tr class=\"yOkvvt63 yuy9OxC yuy9OxC2 yuy9OxC3 yuy9OxC5\">\n<td class=\"yOkvvt64 yOkvvt65 yOkvvt6B yOkvvt6C yOkvvt6E\">\n<div class=\"ywIf8Ay\">Modello scheda grafica<\/div>\n<\/td>\n<td class=\"yOkvvt64 yOkvvt65 yOkvvt6B yOkvvt6C yOkvvt6E\">\n<div class=\"yQqusFs1\"><span class=\"yQqusFs\">GeForce RTX 4060 Ti<\/span><\/div>\n<\/td>\n<\/tr>\n<tr class=\"yOkvvt63 yuy9OxC yuy9OxC2 yuy9OxC3 yuy9OxC5\">\n<td class=\"yOkvvt64 yOkvvt65 yOkvvt6B yOkvvt6C yOkvvt6E\">\n<div class=\"ywIf8Ay\">Clock memoria grafica<\/div>\n<\/td>\n<td class=\"yOkvvt64 yOkvvt65 yOkvvt6B yOkvvt6C yOkvvt6E\">2.25\u00a0GHz<\/td>\n<\/tr>\n<tr class=\"yOkvvt63 yuy9OxC yuy9OxC2 yuy9OxC3 yuy9OxC5\">\n<td class=\"yOkvvt64 yOkvvt65 yOkvvt6B yOkvvt6C yOkvvt6E\">\n<div class=\"ywIf8Ay\">No. max di monitor collegabili<\/div>\n<\/td>\n<td class=\"yOkvvt64 yOkvvt65 yOkvvt6B yOkvvt6C yOkvvt6E\">4\u00a0x<\/td>\n<\/tr>\n<tr class=\"yOkvvt63 yuy9OxC yuy9OxC2 yuy9OxC3 yuy9OxC5\">\n<td class=\"yOkvvt64 yOkvvt65 yOkvvt6B yOkvvt6C yOkvvt6E\">\n<div class=\"ywIf8Ay\">Max risoluzione video<\/div>\n<\/td>\n<td class=\"yOkvvt64 yOkvvt65 yOkvvt6B yOkvvt6C yOkvvt6E\">7680 x 4320 pixel<\/td>\n<\/tr>\n<tr class=\"yOkvvt63 yuy9OxC yuy9OxC2 yuy9OxC3 yuy9OxC5\">\n<td class=\"yOkvvt64 yOkvvt65 yOkvvt6B yOkvvt6C yOkvvt6E\">\n<div class=\"ywIf8Ay\">Consumo di energia<\/div>\n<\/td>\n<td class=\"yOkvvt64 yOkvvt65 yOkvvt6B yOkvvt6C yOkvvt6E\">160\u00a0W<\/td>\n<\/tr>\n<\/tbody>\n<\/table>\n","protected":false},"excerpt":{"rendered":"<p> [&#8230;]<\/p>\n","protected":false},"featured_media":1297,"comment_status":"open","ping_status":"closed","template":"","meta":[],"product_brand":[],"product_cat":[262],"product_tag":[],"class_list":{"0":"post-1294","1":"product","2":"type-product","3":"status-publish","4":"has-post-thumbnail","6":"product_cat-prodotti","8":"first","9":"instock","10":"taxable","11":"shipping-taxable","12":"purchasable","13":"product-type-simple"},"yoast_head":"<!-- This site is optimized with the Yoast SEO plugin v27.4 - https:\/\/yoast.com\/product\/yoast-seo-wordpress\/ -->\n<title>ASUS VGA RTX4060TI 8GB Dual O8G Evo - Schifferle Computer<\/title>\n<meta name=\"robots\" content=\"index, follow, max-snippet:-1, max-image-preview:large, max-video-preview:-1\" \/>\n<link rel=\"canonical\" href=\"https:\/\/schifferlecomputer.ch\/shop\/asus-vga-rtx4060ti-8gb-dual-o8g-evo\/\" \/>\n<meta property=\"og:locale\" content=\"it_IT\" \/>\n<meta property=\"og:type\" content=\"article\" \/>\n<meta property=\"og:title\" content=\"ASUS VGA RTX4060TI 8GB Dual O8G Evo - Schifferle Computer\" \/>\n<meta property=\"og:description\" content=\"[...]\" \/>\n<meta property=\"og:url\" content=\"https:\/\/schifferlecomputer.ch\/shop\/asus-vga-rtx4060ti-8gb-dual-o8g-evo\/\" \/>\n<meta property=\"og:site_name\" content=\"Schifferle Computer\" \/>\n<meta property=\"article:modified_time\" content=\"2025-08-17T13:47:07+00:00\" \/>\n<meta property=\"og:image\" content=\"https:\/\/schifferlecomputer.ch\/wp-content\/uploads\/2025\/08\/ASUS-VGA-RTX4060TI-8GB-Dual-O8G-Evo_.jpg\" \/>\n\t<meta property=\"og:image:width\" content=\"563\" \/>\n\t<meta property=\"og:image:height\" content=\"489\" \/>\n\t<meta property=\"og:image:type\" content=\"image\/jpeg\" \/>\n<meta name=\"twitter:card\" content=\"summary_large_image\" \/>\n<meta name=\"twitter:label1\" content=\"Tempo di lettura stimato\" \/>\n\t<meta name=\"twitter:data1\" content=\"1 minuto\" \/>\n<script type=\"application\/ld+json\" class=\"yoast-schema-graph\">{\"@context\":\"https:\\\/\\\/schema.org\",\"@graph\":[{\"@type\":\"WebPage\",\"@id\":\"https:\\\/\\\/schifferlecomputer.ch\\\/shop\\\/asus-vga-rtx4060ti-8gb-dual-o8g-evo\\\/\",\"url\":\"https:\\\/\\\/schifferlecomputer.ch\\\/shop\\\/asus-vga-rtx4060ti-8gb-dual-o8g-evo\\\/\",\"name\":\"ASUS VGA RTX4060TI 8GB Dual O8G Evo - Schifferle Computer\",\"isPartOf\":{\"@id\":\"https:\\\/\\\/schifferlecomputer.ch\\\/#website\"},\"primaryImageOfPage\":{\"@id\":\"https:\\\/\\\/schifferlecomputer.ch\\\/shop\\\/asus-vga-rtx4060ti-8gb-dual-o8g-evo\\\/#primaryimage\"},\"image\":{\"@id\":\"https:\\\/\\\/schifferlecomputer.ch\\\/shop\\\/asus-vga-rtx4060ti-8gb-dual-o8g-evo\\\/#primaryimage\"},\"thumbnailUrl\":\"https:\\\/\\\/schifferlecomputer.ch\\\/wp-content\\\/uploads\\\/2025\\\/08\\\/ASUS-VGA-RTX4060TI-8GB-Dual-O8G-Evo_.jpg\",\"datePublished\":\"2025-08-17T13:47:06+00:00\",\"dateModified\":\"2025-08-17T13:47:07+00:00\",\"breadcrumb\":{\"@id\":\"https:\\\/\\\/schifferlecomputer.ch\\\/shop\\\/asus-vga-rtx4060ti-8gb-dual-o8g-evo\\\/#breadcrumb\"},\"inLanguage\":\"it-IT\",\"potentialAction\":[{\"@type\":\"ReadAction\",\"target\":[\"https:\\\/\\\/schifferlecomputer.ch\\\/shop\\\/asus-vga-rtx4060ti-8gb-dual-o8g-evo\\\/\"]}]},{\"@type\":\"ImageObject\",\"inLanguage\":\"it-IT\",\"@id\":\"https:\\\/\\\/schifferlecomputer.ch\\\/shop\\\/asus-vga-rtx4060ti-8gb-dual-o8g-evo\\\/#primaryimage\",\"url\":\"https:\\\/\\\/schifferlecomputer.ch\\\/wp-content\\\/uploads\\\/2025\\\/08\\\/ASUS-VGA-RTX4060TI-8GB-Dual-O8G-Evo_.jpg\",\"contentUrl\":\"https:\\\/\\\/schifferlecomputer.ch\\\/wp-content\\\/uploads\\\/2025\\\/08\\\/ASUS-VGA-RTX4060TI-8GB-Dual-O8G-Evo_.jpg\",\"width\":563,\"height\":489},{\"@type\":\"BreadcrumbList\",\"@id\":\"https:\\\/\\\/schifferlecomputer.ch\\\/shop\\\/asus-vga-rtx4060ti-8gb-dual-o8g-evo\\\/#breadcrumb\",\"itemListElement\":[{\"@type\":\"ListItem\",\"position\":1,\"name\":\"Start\",\"item\":\"https:\\\/\\\/schifferlecomputer.ch\\\/it\\\/\"},{\"@type\":\"ListItem\",\"position\":2,\"name\":\"Shop\",\"item\":\"https:\\\/\\\/schifferlecomputer.ch\\\/shop\\\/\"},{\"@type\":\"ListItem\",\"position\":3,\"name\":\"ASUS VGA RTX4060TI 8GB Dual O8G Evo\"}]},{\"@type\":\"WebSite\",\"@id\":\"https:\\\/\\\/schifferlecomputer.ch\\\/#website\",\"url\":\"https:\\\/\\\/schifferlecomputer.ch\\\/\",\"name\":\"Schifferle Computer\",\"description\":\"\",\"potentialAction\":[{\"@type\":\"SearchAction\",\"target\":{\"@type\":\"EntryPoint\",\"urlTemplate\":\"https:\\\/\\\/schifferlecomputer.ch\\\/?s={search_term_string}\"},\"query-input\":{\"@type\":\"PropertyValueSpecification\",\"valueRequired\":true,\"valueName\":\"search_term_string\"}}],\"inLanguage\":\"it-IT\"}]}<\/script>\n<!-- \/ Yoast SEO plugin. -->","yoast_head_json":{"title":"ASUS VGA RTX4060TI 8GB Dual O8G Evo - Schifferle Computer","robots":{"index":"index","follow":"follow","max-snippet":"max-snippet:-1","max-image-preview":"max-image-preview:large","max-video-preview":"max-video-preview:-1"},"canonical":"https:\/\/schifferlecomputer.ch\/shop\/asus-vga-rtx4060ti-8gb-dual-o8g-evo\/","og_locale":"it_IT","og_type":"article","og_title":"ASUS VGA RTX4060TI 8GB Dual O8G Evo - Schifferle Computer","og_description":"[...]","og_url":"https:\/\/schifferlecomputer.ch\/shop\/asus-vga-rtx4060ti-8gb-dual-o8g-evo\/","og_site_name":"Schifferle Computer","article_modified_time":"2025-08-17T13:47:07+00:00","og_image":[{"width":563,"height":489,"url":"https:\/\/schifferlecomputer.ch\/wp-content\/uploads\/2025\/08\/ASUS-VGA-RTX4060TI-8GB-Dual-O8G-Evo_.jpg","type":"image\/jpeg"}],"twitter_card":"summary_large_image","twitter_misc":{"Tempo di lettura stimato":"1 minuto"},"schema":{"@context":"https:\/\/schema.org","@graph":[{"@type":"WebPage","@id":"https:\/\/schifferlecomputer.ch\/shop\/asus-vga-rtx4060ti-8gb-dual-o8g-evo\/","url":"https:\/\/schifferlecomputer.ch\/shop\/asus-vga-rtx4060ti-8gb-dual-o8g-evo\/","name":"ASUS VGA RTX4060TI 8GB Dual O8G Evo - Schifferle Computer","isPartOf":{"@id":"https:\/\/schifferlecomputer.ch\/#website"},"primaryImageOfPage":{"@id":"https:\/\/schifferlecomputer.ch\/shop\/asus-vga-rtx4060ti-8gb-dual-o8g-evo\/#primaryimage"},"image":{"@id":"https:\/\/schifferlecomputer.ch\/shop\/asus-vga-rtx4060ti-8gb-dual-o8g-evo\/#primaryimage"},"thumbnailUrl":"https:\/\/schifferlecomputer.ch\/wp-content\/uploads\/2025\/08\/ASUS-VGA-RTX4060TI-8GB-Dual-O8G-Evo_.jpg","datePublished":"2025-08-17T13:47:06+00:00","dateModified":"2025-08-17T13:47:07+00:00","breadcrumb":{"@id":"https:\/\/schifferlecomputer.ch\/shop\/asus-vga-rtx4060ti-8gb-dual-o8g-evo\/#breadcrumb"},"inLanguage":"it-IT","potentialAction":[{"@type":"ReadAction","target":["https:\/\/schifferlecomputer.ch\/shop\/asus-vga-rtx4060ti-8gb-dual-o8g-evo\/"]}]},{"@type":"ImageObject","inLanguage":"it-IT","@id":"https:\/\/schifferlecomputer.ch\/shop\/asus-vga-rtx4060ti-8gb-dual-o8g-evo\/#primaryimage","url":"https:\/\/schifferlecomputer.ch\/wp-content\/uploads\/2025\/08\/ASUS-VGA-RTX4060TI-8GB-Dual-O8G-Evo_.jpg","contentUrl":"https:\/\/schifferlecomputer.ch\/wp-content\/uploads\/2025\/08\/ASUS-VGA-RTX4060TI-8GB-Dual-O8G-Evo_.jpg","width":563,"height":489},{"@type":"BreadcrumbList","@id":"https:\/\/schifferlecomputer.ch\/shop\/asus-vga-rtx4060ti-8gb-dual-o8g-evo\/#breadcrumb","itemListElement":[{"@type":"ListItem","position":1,"name":"Start","item":"https:\/\/schifferlecomputer.ch\/it\/"},{"@type":"ListItem","position":2,"name":"Shop","item":"https:\/\/schifferlecomputer.ch\/shop\/"},{"@type":"ListItem","position":3,"name":"ASUS VGA RTX4060TI 8GB Dual O8G Evo"}]},{"@type":"WebSite","@id":"https:\/\/schifferlecomputer.ch\/#website","url":"https:\/\/schifferlecomputer.ch\/","name":"Schifferle Computer","description":"","potentialAction":[{"@type":"SearchAction","target":{"@type":"EntryPoint","urlTemplate":"https:\/\/schifferlecomputer.ch\/?s={search_term_string}"},"query-input":{"@type":"PropertyValueSpecification","valueRequired":true,"valueName":"search_term_string"}}],"inLanguage":"it-IT"}]}},"_links":{"self":[{"href":"https:\/\/schifferlecomputer.ch\/it\/wp-json\/wp\/v2\/product\/1294","targetHints":{"allow":["GET"]}}],"collection":[{"href":"https:\/\/schifferlecomputer.ch\/it\/wp-json\/wp\/v2\/product"}],"about":[{"href":"https:\/\/schifferlecomputer.ch\/it\/wp-json\/wp\/v2\/types\/product"}],"replies":[{"embeddable":true,"href":"https:\/\/schifferlecomputer.ch\/it\/wp-json\/wp\/v2\/comments?post=1294"}],"wp:featuredmedia":[{"embeddable":true,"href":"https:\/\/schifferlecomputer.ch\/it\/wp-json\/wp\/v2\/media\/1297"}],"wp:attachment":[{"href":"https:\/\/schifferlecomputer.ch\/it\/wp-json\/wp\/v2\/media?parent=1294"}],"wp:term":[{"taxonomy":"product_brand","embeddable":true,"href":"https:\/\/schifferlecomputer.ch\/it\/wp-json\/wp\/v2\/product_brand?post=1294"},{"taxonomy":"product_cat","embeddable":true,"href":"https:\/\/schifferlecomputer.ch\/it\/wp-json\/wp\/v2\/product_cat?post=1294"},{"taxonomy":"product_tag","embeddable":true,"href":"https:\/\/schifferlecomputer.ch\/it\/wp-json\/wp\/v2\/product_tag?post=1294"}],"curies":[{"name":"wp","href":"https:\/\/api.w.org\/{rel}","templated":true}]}}