{"id":1319,"date":"2025-08-18T17:18:22","date_gmt":"2025-08-18T15:18:22","guid":{"rendered":"https:\/\/schifferlecomputer.ch\/?post_type=product&#038;p=1319"},"modified":"2025-08-18T21:28:44","modified_gmt":"2025-08-18T19:28:44","slug":"ubiquiti-unifi-wifi-7-pro-max-8600-mbit-s","status":"publish","type":"product","link":"https:\/\/schifferlecomputer.ch\/it\/shop\/ubiquiti-unifi-wifi-7-pro-max-8600-mbit-s\/","title":{"rendered":"Ubiquiti UniFi WiFi 7 Pro-Max 8600 Mbit\/s Punto di accesso"},"content":{"rendered":"<p>L&#8217;Ubiquiti UniFi U7 Pro Max \u00e8 un punto di accesso wireless altamente avanzato che soddisfa le esigenze delle reti moderne. Supporta oltre 500 client simultanei e offre velocit\u00e0 di trasmissione dati ad alta velocit\u00e0 attraverso bande a 2,4 GHz, 5 GHz e 6 GHz, garantendo connettivit\u00e0 e prestazioni affidabili. Il dispositivo integra tecnologie come 2&#215;2 e 4&#215;4 MIMO, che assicurano un&#8217;efficiente trasmissione dei dati e una copertura completa fino a 160 metri quadrati. La sicurezza \u00e8 una priorit\u00e0, con standard di crittografia completi come WPA, WPA-Enterprise, WPA-PSK, WPA2 e WPA3 per proteggere l&#8217;integrit\u00e0 della rete e i dati degli utenti. Inoltre, funzionalit\u00e0 come Advanced QoS, supporto VLAN e Private Pre-Shared Key (PPSK) consentono una gestione efficace del traffico di rete e una maggiore facilit\u00e0 d&#8217;uso. Il design robusto consente opzioni di distribuzione flessibili, con il supporto PoE+ che semplifica l&#8217;installazione, combinando alimentazione e connettivit\u00e0 di rete in un unico cavo. L&#8217;Ubiquiti UniFi U7 Pro Max \u00e8 ideale per aziende o ambienti ad alta richiesta ed \u00e8 progettato per offrire connettivit\u00e0 wireless sicura e potente.<\/p>\n<table class=\"yxKaXMd yao2wOS1\" style=\"height: 334px;\" width=\"831\">\n<caption class=\"yao2wOSb\">\n<h3 class=\"yqD32XT9 yrKTEQa\">Le specifiche pi\u00f9 importanti in sintesi<\/h3>\n<\/caption>\n<tbody>\n<tr class=\"yOkvvt63 yuy9OxC yuy9OxC2 yuy9OxC3 yuy9OxC5\">\n<td class=\"yOkvvt64 yOkvvt65 yOkvvt6B yOkvvt6C yOkvvt6E\">\n<div class=\"ywIf8Ay\">Standard WiFi<\/div>\n<\/td>\n<td class=\"yOkvvt64 yOkvvt65 yOkvvt6B yOkvvt6C yOkvvt6E\">\n<div class=\"yQqusFs1\"><span class=\"yQqusFs\">802.11ad,\u00a0<\/span><span class=\"yQqusFs\">WiFi 5 \/ 802.11ac,\u00a0<\/span><span class=\"yQqusFs\">WiFi 6 \/ 802.11ax<\/span><\/div>\n<\/td>\n<\/tr>\n<tr class=\"yOkvvt63 yuy9OxC yuy9OxC2 yuy9OxC3 yuy9OxC5\">\n<td class=\"yOkvvt64 yOkvvt65 yOkvvt6B yOkvvt6C yOkvvt6E\">\n<div class=\"ywIf8Ay\">Banda frequenza WiFi<\/div>\n<\/td>\n<td class=\"yOkvvt64 yOkvvt65 yOkvvt6B yOkvvt6C yOkvvt6E\">Tri-Band<\/td>\n<\/tr>\n<tr class=\"yOkvvt63 yuy9OxC yuy9OxC2 yuy9OxC3 yuy9OxC5\">\n<td class=\"yOkvvt64 yOkvvt65 yOkvvt6B yOkvvt6C yOkvvt6E\">\n<div class=\"ywIf8Ay\">Standard PoE<\/div>\n<\/td>\n<td class=\"yOkvvt64 yOkvvt65 yOkvvt6B yOkvvt6C yOkvvt6E\">\n<div class=\"yQqusFs1\"><span class=\"yQqusFs\">802,3at (PoE+)<\/span><\/div>\n<\/td>\n<\/tr>\n<tr class=\"yOkvvt63 yuy9OxC yuy9OxC2 yuy9OxC3 yuy9OxC5\">\n<td class=\"yOkvvt64 yOkvvt65 yOkvvt6B yOkvvt6C yOkvvt6E\">\n<div class=\"ywIf8Ay\">Modalit\u00e0 di funzionamento<\/div>\n<\/td>\n<td class=\"yOkvvt64 yOkvvt65 yOkvvt6B yOkvvt6C yOkvvt6E\">\n<div class=\"yQqusFs1\"><span class=\"yQqusFs\">Access Point<\/span><\/div>\n<\/td>\n<\/tr>\n<tr class=\"yOkvvt63 yuy9OxC yuy9OxC2 yuy9OxC3 yuy9OxC5\">\n<td class=\"yOkvvt64 yOkvvt65 yOkvvt6B yOkvvt6C yOkvvt6E\">\n<div class=\"ywIf8Ay\">Campo di applicazione<\/div>\n<\/td>\n<td class=\"yOkvvt64 yOkvvt65 yOkvvt6B yOkvvt6C yOkvvt6E\">\n<div class=\"yQqusFs1\"><span class=\"yQqusFs\">Interno<\/span><\/div>\n<\/td>\n<\/tr>\n<tr class=\"yOkvvt63 yuy9OxC yuy9OxC2 yuy9OxC3 yuy9OxC5\">\n<td class=\"yOkvvt64 yOkvvt65 yOkvvt6B yOkvvt6C yOkvvt6E\">\n<div class=\"ywIf8Ay\">No. di porte RJ45\/LAN<\/div>\n<\/td>\n<td class=\"yOkvvt64 yOkvvt65 yOkvvt6B yOkvvt6C yOkvvt6E\">1<\/td>\n<\/tr>\n<tr class=\"yOkvvt63 yuy9OxC yuy9OxC2 yuy9OxC3 yuy9OxC5\">\n<td class=\"yOkvvt64 yOkvvt65 yOkvvt6B yOkvvt6C yOkvvt6E\">\n<div class=\"ywIf8Ay\">Velocit\u00e0 max porta<\/div>\n<\/td>\n<td class=\"yOkvvt64 yOkvvt65 yOkvvt6B yOkvvt6C yOkvvt6E\">2500\u00a0Mbit\/s<\/td>\n<\/tr>\n<\/tbody>\n<\/table>\n<div class=\"yxKaXMd1\">\n<table class=\"yxKaXMd yao2wOS1\" style=\"height: 202px;\" width=\"831\">\n<tbody>\n<tr class=\"yOkvvt63 yuy9OxC yuy9OxC2 yuy9OxC3 yuy9OxC5\">\n<td class=\"yOkvvt64 yOkvvt65 yOkvvt6B yOkvvt6C yOkvvt6E\">\n<div class=\"ywIf8Ay\">Produttore<\/div>\n<\/td>\n<td class=\"yOkvvt64 yOkvvt65 yOkvvt6B yOkvvt6C yOkvvt6E\">Ubiquiti<\/td>\n<\/tr>\n<tr class=\"yOkvvt63 yuy9OxC yuy9OxC2 yuy9OxC3 yuy9OxC5\">\n<td class=\"yOkvvt64 yOkvvt65 yOkvvt6B yOkvvt6C yOkvvt6E\">\n<div class=\"ywIf8Ay\">Categoria<\/div>\n<\/td>\n<td class=\"yOkvvt64 yOkvvt65 yOkvvt6B yOkvvt6C yOkvvt6E\">Access Point<\/td>\n<\/tr>\n<tr class=\"yOkvvt63 yuy9OxC yuy9OxC2 yuy9OxC3 yuy9OxC5\">\n<td class=\"yOkvvt64 yOkvvt65 yOkvvt6B yOkvvt6C yOkvvt6E\">\n<div class=\"ywIf8Ay\">No. di fabbricazione<\/div>\n<\/td>\n<td class=\"yOkvvt64 yOkvvt65 yOkvvt6B yOkvvt6C yOkvvt6E\">U7-PRO-MAX<\/td>\n<\/tr>\n<tr class=\"yOkvvt63 yuy9OxC yuy9OxC2 yuy9OxC3 yuy9OxC5\">\n<td class=\"yOkvvt64 yOkvvt65 yOkvvt6B yOkvvt6C yOkvvt6E\">\n<div class=\"ywIf8Ay\">Data di rilascio<\/div>\n<\/td>\n<td class=\"yOkvvt64 yOkvvt65 yOkvvt6B yOkvvt6C yOkvvt6E\">6.6.2024<\/td>\n<\/tr>\n<tr class=\"yOkvvt63 yuy9OxC yuy9OxC2 yuy9OxC3 yuy9OxC5\">\n<td class=\"yOkvvt64 yOkvvt65 yOkvvt6B yOkvvt6C yOkvvt6E\">\n<div class=\"ywIf8Ay\">Classifica di vendita secondo Categoria Access Point<\/div>\n<\/td>\n<td class=\"yOkvvt64 yOkvvt65 yOkvvt6B yOkvvt6C yOkvvt6E\">15 di 1452<\/td>\n<\/tr>\n<tr class=\"yOkvvt63 yuy9OxC yuy9OxC2 yuy9OxC3 yuy9OxC5\">\n<td class=\"yOkvvt64 yOkvvt65 yOkvvt6B yOkvvt6C yOkvvt6E\">\n<div class=\"ywIf8Ay\">Collegamenti esterni<\/div>\n<\/td>\n<td class=\"yOkvvt64 yOkvvt65 yOkvvt6B yOkvvt6C yOkvvt6E\">\n<div class=\"yVt9I7e1\"><span class=\"yVt9I7e\">Sito del produttore (de)<\/span><\/div>\n<\/td>\n<\/tr>\n<\/tbody>\n<\/table>\n<\/div>\n<div class=\"yxKaXMd1\">\n<table class=\"yxKaXMd yao2wOS1\" style=\"height: 466px;\" width=\"831\">\n<caption class=\"yao2wOSb\">\n<h3 class=\"yqD32XT9 yrKTEQa\">Propriet\u00e0 Access Point<\/h3>\n<\/caption>\n<tbody>\n<tr class=\"yOkvvt63 yuy9OxC yuy9OxC2 yuy9OxC3 yuy9OxC5\">\n<td class=\"yOkvvt64 yOkvvt65 yOkvvt6B yOkvvt6C yOkvvt6E\">\n<div class=\"ywIf8Ay\">Modalit\u00e0 di funzionamento<\/div>\n<\/td>\n<td class=\"yOkvvt64 yOkvvt65 yOkvvt6B yOkvvt6C yOkvvt6E\">\n<div class=\"yQqusFs1\"><span class=\"yQqusFs\">Access Point<\/span><\/div>\n<\/td>\n<\/tr>\n<tr class=\"yOkvvt63 yuy9OxC yuy9OxC2 yuy9OxC3 yuy9OxC5\">\n<td class=\"yOkvvt64 yOkvvt65 yOkvvt6B yOkvvt6C yOkvvt6E\">\n<div class=\"ywIf8Ay\">Max. Numero di clienti<\/div>\n<\/td>\n<td class=\"yOkvvt64 yOkvvt65 yOkvvt6B yOkvvt6C yOkvvt6E\">500\u00a0x<\/td>\n<\/tr>\n<tr class=\"yOkvvt63 yuy9OxC yuy9OxC2 yuy9OxC3 yuy9OxC5\">\n<td class=\"yOkvvt64 yOkvvt65 yOkvvt6B yOkvvt6C yOkvvt6E\">\n<div class=\"ywIf8Ay\">No. di antenne<\/div>\n<\/td>\n<td class=\"yOkvvt64 yOkvvt65 yOkvvt6B yOkvvt6C yOkvvt6E\">8\u00a0x<\/td>\n<\/tr>\n<tr class=\"yOkvvt63 yuy9OxC yuy9OxC2 yuy9OxC3 yuy9OxC5\">\n<td class=\"yOkvvt64 yOkvvt65 yOkvvt6B yOkvvt6C yOkvvt6E\">\n<div class=\"ywIf8Ay\">Guadagno di antenna<\/div>\n<\/td>\n<td class=\"yOkvvt64 yOkvvt65 yOkvvt6B yOkvvt6C yOkvvt6E\">6\u00a0dB<\/td>\n<\/tr>\n<tr class=\"yOkvvt63 yuy9OxC yuy9OxC2 yuy9OxC3 yuy9OxC5\">\n<td class=\"yOkvvt64 yOkvvt65 yOkvvt6B yOkvvt6C yOkvvt6E\">\n<div class=\"ywIf8Ay\">Portata<\/div>\n<\/td>\n<td class=\"yOkvvt64 yOkvvt65 yOkvvt6B yOkvvt6C yOkvvt6E\">160\u00a0km<\/td>\n<\/tr>\n<tr class=\"yOkvvt63 yuy9OxC yuy9OxC2 yuy9OxC3 yuy9OxC5\">\n<td class=\"yOkvvt64 yOkvvt65 yOkvvt6B yOkvvt6C yOkvvt6E\">\n<div class=\"ywIf8Ay\">No. di porte RJ45\/LAN<\/div>\n<\/td>\n<td class=\"yOkvvt64 yOkvvt65 yOkvvt6B yOkvvt6C yOkvvt6E\">1<\/td>\n<\/tr>\n<tr class=\"yOkvvt63 yuy9OxC yuy9OxC2 yuy9OxC3 yuy9OxC5\">\n<td class=\"yOkvvt64 yOkvvt65 yOkvvt6B yOkvvt6C yOkvvt6E\">\n<div class=\"ywIf8Ay\">Velocit\u00e0 max porta<\/div>\n<\/td>\n<td class=\"yOkvvt64 yOkvvt65 yOkvvt6B yOkvvt6C yOkvvt6E\">2500\u00a0Mbit\/s<\/td>\n<\/tr>\n<tr class=\"yOkvvt63 yuy9OxC yuy9OxC2 yuy9OxC3 yuy9OxC5\">\n<td class=\"yOkvvt64 yOkvvt65 yOkvvt6B yOkvvt6C yOkvvt6E\">\n<div class=\"ywIf8Ay\">Funzioni dei punti di accesso<\/div>\n<\/td>\n<td class=\"yOkvvt64 yOkvvt65 yOkvvt6B yOkvvt6C yOkvvt6E\">\n<div class=\"yQqusFs1\"><span class=\"yQqusFs\">PoE in grado di<\/span><\/div>\n<\/td>\n<\/tr>\n<\/tbody>\n<\/table>\n<\/div>\n<div class=\"yxKaXMd1\">\n<table class=\"yxKaXMd yao2wOS1\" style=\"height: 300px;\" width=\"832\">\n<caption class=\"yao2wOSb\">\n<h3 class=\"yqD32XT9 yrKTEQa\">Standard WiFi<\/h3>\n<\/caption>\n<tbody>\n<tr class=\"yOkvvt63 yuy9OxC yuy9OxC2 yuy9OxC3 yuy9OxC5\">\n<td class=\"yOkvvt64 yOkvvt65 yOkvvt6B yOkvvt6C yOkvvt6E\">\n<div class=\"ywIf8Ay\">Standard WiFi<\/div>\n<\/td>\n<td class=\"yOkvvt64 yOkvvt65 yOkvvt6B yOkvvt6C yOkvvt6E\">\n<div class=\"yQqusFs1\"><span class=\"yQqusFs\">802.11ad,\u00a0<\/span><span class=\"yQqusFs\">WiFi 5 \/ 802.11ac,\u00a0<\/span><span class=\"yQqusFs\">WiFi 6 \/ 802.11ax<\/span><\/div>\n<\/td>\n<\/tr>\n<tr class=\"yOkvvt63 yuy9OxC yuy9OxC2 yuy9OxC3 yuy9OxC5\">\n<td class=\"yOkvvt64 yOkvvt65 yOkvvt6B yOkvvt6C yOkvvt6E\">\n<div class=\"ywIf8Ay\">Velocit\u00e0 di trasmissione a 6 GHz<\/div>\n<\/td>\n<td class=\"yOkvvt64 yOkvvt65 yOkvvt6B yOkvvt6C yOkvvt6E\">5700\u00a0Mbit\/s<\/td>\n<\/tr>\n<tr class=\"yOkvvt63 yuy9OxC yuy9OxC2 yuy9OxC3 yuy9OxC5\">\n<td class=\"yOkvvt64 yOkvvt65 yOkvvt6B yOkvvt6C yOkvvt6E\">\n<div class=\"ywIf8Ay\">Velocit\u00e0 trasferimento 5 GHz<\/div>\n<\/td>\n<td class=\"yOkvvt64 yOkvvt65 yOkvvt6B yOkvvt6C yOkvvt6E\">8600\u00a0Mbit\/s<\/td>\n<\/tr>\n<tr class=\"yOkvvt63 yuy9OxC yuy9OxC2 yuy9OxC3 yuy9OxC5\">\n<td class=\"yOkvvt64 yOkvvt65 yOkvvt6B yOkvvt6C yOkvvt6E\">\n<div class=\"ywIf8Ay\">Velocit\u00e0 trasferimento 2.4 GHz<\/div>\n<\/td>\n<td class=\"yOkvvt64 yOkvvt65 yOkvvt6B yOkvvt6C yOkvvt6E\">688\u00a0Mbit\/s<\/td>\n<\/tr>\n<tr class=\"yOkvvt63 yuy9OxC yuy9OxC2 yuy9OxC3 yuy9OxC5\">\n<td class=\"yOkvvt64 yOkvvt65 yOkvvt6B yOkvvt6C yOkvvt6E\">\n<div class=\"ywIf8Ay\">Banda frequenza WiFi<\/div>\n<\/td>\n<td class=\"yOkvvt64 yOkvvt65 yOkvvt6B yOkvvt6C yOkvvt6E\">Tri-Band<\/td>\n<\/tr>\n<tr class=\"yOkvvt63 yuy9OxC yuy9OxC2 yuy9OxC3 yuy9OxC5\">\n<td class=\"yOkvvt64 yOkvvt65 yOkvvt6B yOkvvt6C yOkvvt6E\">\n<div class=\"ywIf8Ay\">Crittografia WiFi<\/div>\n<\/td>\n<td class=\"yOkvvt64 yOkvvt65 yOkvvt6B yOkvvt6C yOkvvt6E\">\n<div class=\"yQqusFs1\"><span class=\"yQqusFs\">WPA-EAP,\u00a0<\/span><span class=\"yQqusFs\">WPA-PSK,\u00a0<\/span><span class=\"yQqusFs\">WPA2,\u00a0<\/span><span class=\"yQqusFs\">WPA3<\/span><\/div>\n<\/td>\n<\/tr>\n<\/tbody>\n<\/table>\n<\/div>\n<div class=\"yxKaXMd1\">\n<table class=\"yxKaXMd yao2wOS1\" style=\"height: 184px;\" width=\"831\">\n<caption class=\"yao2wOSb\">\n<h3 class=\"yqD32XT9 yrKTEQa\">Campo di applicazione<\/h3>\n<\/caption>\n<tbody>\n<tr class=\"yOkvvt63 yuy9OxC yuy9OxC2 yuy9OxC3 yuy9OxC5\">\n<td class=\"yOkvvt64 yOkvvt65 yOkvvt6B yOkvvt6C yOkvvt6E\">\n<div class=\"ywIf8Ay\">Campo di applicazione<\/div>\n<\/td>\n<td class=\"yOkvvt64 yOkvvt65 yOkvvt6B yOkvvt6C yOkvvt6E\">\n<div class=\"yQqusFs1\"><span class=\"yQqusFs\">Interno<\/span><\/div>\n<\/td>\n<\/tr>\n<tr class=\"yOkvvt63 yuy9OxC yuy9OxC2 yuy9OxC3 yuy9OxC5\">\n<td class=\"yOkvvt64 yOkvvt65 yOkvvt6B yOkvvt6C yOkvvt6E\">\n<div class=\"ywIf8Ay\">Luogo di installazione<\/div>\n<\/td>\n<td class=\"yOkvvt64 yOkvvt65 yOkvvt6B yOkvvt6C yOkvvt6E\">\n<div class=\"yQqusFs1\"><span class=\"yQqusFs\">Muro,\u00a0<\/span><span class=\"yQqusFs\">Soffitto<\/span><\/div>\n<\/td>\n<\/tr>\n<\/tbody>\n<\/table>\n<\/div>\n<div class=\"yxKaXMd1\">\n<table class=\"yxKaXMd yao2wOS1\" style=\"height: 216px;\" width=\"828\">\n<caption class=\"yao2wOSb\">\n<h3 class=\"yqD32XT9 yrKTEQa\">Alimentazione<\/h3>\n<\/caption>\n<tbody>\n<tr class=\"yOkvvt63 yuy9OxC yuy9OxC2 yuy9OxC3 yuy9OxC5\">\n<td class=\"yOkvvt64 yOkvvt65 yOkvvt6B yOkvvt6C yOkvvt6E\">\n<div class=\"ywIf8Ay\">Alimentazione<\/div>\n<\/td>\n<td class=\"yOkvvt64 yOkvvt65 yOkvvt6B yOkvvt6C yOkvvt6E\">\n<div class=\"yQqusFs1\"><span class=\"yQqusFs\">PoE<\/span><\/div>\n<\/td>\n<\/tr>\n<tr class=\"yOkvvt63 yuy9OxC yuy9OxC2 yuy9OxC3 yuy9OxC5\">\n<td class=\"yOkvvt64 yOkvvt65 yOkvvt6B yOkvvt6C yOkvvt6E\">\n<div class=\"ywIf8Ay\">Standard PoE<\/div>\n<\/td>\n<td class=\"yOkvvt64 yOkvvt65 yOkvvt6B yOkvvt6C yOkvvt6E\">\n<div class=\"yQqusFs1\"><span class=\"yQqusFs\">802,3at (PoE+)<\/span><\/div>\n<\/td>\n<\/tr>\n<tr class=\"yOkvvt63 yuy9OxC yuy9OxC2 yuy9OxC3 yuy9OxC5\">\n<td class=\"yOkvvt64 yOkvvt65 yOkvvt6B yOkvvt6C yOkvvt6E\">\n<div class=\"ywIf8Ay\">Consumo di energia<\/div>\n<\/td>\n<td class=\"yOkvvt64 yOkvvt65 yOkvvt6B yOkvvt6C yOkvvt6E\">22\u00a0W<\/td>\n<\/tr>\n<\/tbody>\n<\/table>\n<\/div>\n<div class=\"yxKaXMd1\">\n<table class=\"yxKaXMd yao2wOS1\" style=\"height: 154px;\" width=\"820\">\n<caption class=\"yao2wOSb\">\n<h3 class=\"yqD32XT9 yrKTEQa\">Origine<\/h3>\n<\/caption>\n<tbody>\n<tr class=\"yOkvvt63 yuy9OxC yuy9OxC2 yuy9OxC3 yuy9OxC5\">\n<td class=\"yOkvvt64 yOkvvt65 yOkvvt6B yOkvvt6C yOkvvt6E\">\n<div class=\"ywIf8Ay\">Paese di origine<\/div>\n<\/td>\n<td class=\"yOkvvt64 yOkvvt65 yOkvvt6B yOkvvt6C yOkvvt6E\">\n<div class=\"yQqusFs1\"><span class=\"yQqusFs\">Cina<\/span><\/div>\n<\/td>\n<\/tr>\n<\/tbody>\n<\/table>\n<\/div>\n<div class=\"yxKaXMd1\">\n<table class=\"yxKaXMd yao2wOS1\" style=\"height: 206px;\" width=\"818\">\n<caption class=\"yao2wOSb\">\n<h3 class=\"yqD32XT9 yrKTEQa\">Contributo climatico volontario<\/h3>\n<\/caption>\n<tbody>\n<tr class=\"yOkvvt63 yuy9OxC yuy9OxC2 yuy9OxC3 yuy9OxC5\">\n<td class=\"yOkvvt64 yOkvvt65 yOkvvt6B yOkvvt6C yOkvvt6E\">\n<div class=\"ywIf8Ay\">Emissione di CO\u2082<\/div>\n<\/td>\n<td class=\"yOkvvt64 yOkvvt65 yOkvvt6B yOkvvt6C yOkvvt6E\">152.97 kg<\/td>\n<\/tr>\n<tr class=\"yOkvvt63 yuy9OxC yuy9OxC2 yuy9OxC3 yuy9OxC5\">\n<td class=\"yOkvvt64 yOkvvt65 yOkvvt6B yOkvvt6C yOkvvt6E\">\n<div class=\"ywIf8Ay\">Contributo climatico<\/div>\n<\/td>\n<td class=\"yOkvvt64 yOkvvt65 yOkvvt6B yOkvvt6C yOkvvt6E\">CHF\u00a03.64<\/td>\n<\/tr>\n<\/tbody>\n<\/table>\n<\/div>\n<div class=\"yxKaXMd1\">\n<table class=\"yxKaXMd yao2wOS1\" style=\"height: 151px;\" width=\"816\">\n<caption class=\"yao2wOSb\">\n<h3 class=\"yqD32XT9 yrKTEQa\">Dotazione<\/h3>\n<\/caption>\n<tbody>\n<tr class=\"yOkvvt63 yuy9OxC yuy9OxC2 yuy9OxC3 yuy9OxC5\">\n<td class=\"yOkvvt64 yOkvvt65 yOkvvt6B yOkvvt6C yOkvvt6E\">\n<div class=\"ywIf8Ay\">Dotazione<\/div>\n<\/td>\n<td class=\"yOkvvt64 yOkvvt65 yOkvvt6B yOkvvt6C yOkvvt6E\">\n<div class=\"yQqusFs1\"><span class=\"yQqusFs\">Set di montaggio a parete\/soffitto<\/span><\/div>\n<\/td>\n<\/tr>\n<\/tbody>\n<\/table>\n<\/div>\n<div class=\"yxKaXMd1\">\n<table class=\"yxKaXMd yao2wOS1\" style=\"height: 279px;\" width=\"811\">\n<caption class=\"yao2wOSb\">\n<h3 class=\"yqD32XT9 yrKTEQa\">Dimensioni prodotto<\/h3>\n<\/caption>\n<tbody>\n<tr class=\"yOkvvt63 yuy9OxC yuy9OxC2 yuy9OxC3 yuy9OxC5\">\n<td class=\"yOkvvt64 yOkvvt65 yOkvvt6B yOkvvt6C yOkvvt6E\">\n<div class=\"ywIf8Ay\">Lunghezza<\/div>\n<\/td>\n<td class=\"yOkvvt64 yOkvvt65 yOkvvt6B yOkvvt6C yOkvvt6E\">20.60\u00a0cm<\/td>\n<\/tr>\n<tr class=\"yOkvvt63 yuy9OxC yuy9OxC2 yuy9OxC3 yuy9OxC5\">\n<td class=\"yOkvvt64 yOkvvt65 yOkvvt6B yOkvvt6C yOkvvt6E\">\n<div class=\"ywIf8Ay\">Larghezza<\/div>\n<\/td>\n<td class=\"yOkvvt64 yOkvvt65 yOkvvt6B yOkvvt6C yOkvvt6E\">20.60\u00a0cm<\/td>\n<\/tr>\n<tr class=\"yOkvvt63 yuy9OxC yuy9OxC2 yuy9OxC3 yuy9OxC5\">\n<td class=\"yOkvvt64 yOkvvt65 yOkvvt6B yOkvvt6C yOkvvt6E\">\n<div class=\"ywIf8Ay\">Altezza<\/div>\n<\/td>\n<td class=\"yOkvvt64 yOkvvt65 yOkvvt6B yOkvvt6C yOkvvt6E\">4.60\u00a0cm<\/td>\n<\/tr>\n<tr class=\"yOkvvt63 yuy9OxC yuy9OxC2 yuy9OxC3 yuy9OxC5\">\n<td class=\"yOkvvt64 yOkvvt65 yOkvvt6B yOkvvt6C yOkvvt6E\">\n<div class=\"ywIf8Ay\">Peso<\/div>\n<\/td>\n<td class=\"yOkvvt64 yOkvvt65 yOkvvt6B yOkvvt6C yOkvvt6E\">680\u00a0g<\/td>\n<\/tr>\n<\/tbody>\n<\/table>\n<\/div>\n<div class=\"yxKaXMd1\">\n<table class=\"yxKaXMd yao2wOS1\" style=\"height: 268px;\" width=\"804\">\n<caption class=\"yao2wOSb\">\n<h3 class=\"yqD32XT9 yrKTEQa\">Dimensioni confezione<\/h3>\n<\/caption>\n<tbody>\n<tr class=\"yOkvvt63 yuy9OxC yuy9OxC2 yuy9OxC3 yuy9OxC5\">\n<td class=\"yOkvvt64 yOkvvt65 yOkvvt6B yOkvvt6C yOkvvt6E\">\n<div class=\"ywIf8Ay\">Lunghezza<\/div>\n<\/td>\n<td class=\"yOkvvt64 yOkvvt65 yOkvvt6B yOkvvt6C yOkvvt6E\">26.30\u00a0cm<\/td>\n<\/tr>\n<tr class=\"yOkvvt63 yuy9OxC yuy9OxC2 yuy9OxC3 yuy9OxC5\">\n<td class=\"yOkvvt64 yOkvvt65 yOkvvt6B yOkvvt6C yOkvvt6E\">\n<div class=\"ywIf8Ay\">Larghezza<\/div>\n<\/td>\n<td class=\"yOkvvt64 yOkvvt65 yOkvvt6B yOkvvt6C yOkvvt6E\">25\u00a0cm<\/td>\n<\/tr>\n<tr class=\"yOkvvt63 yuy9OxC yuy9OxC2 yuy9OxC3 yuy9OxC5\">\n<td class=\"yOkvvt64 yOkvvt65 yOkvvt6B yOkvvt6C yOkvvt6E\">\n<div class=\"ywIf8Ay\">Altezza<\/div>\n<\/td>\n<td class=\"yOkvvt64 yOkvvt65 yOkvvt6B yOkvvt6C yOkvvt6E\">9.40\u00a0cm<\/td>\n<\/tr>\n<tr class=\"yOkvvt63 yuy9OxC yuy9OxC2 yuy9OxC3 yuy9OxC5\">\n<td class=\"yOkvvt64 yOkvvt65 yOkvvt6B yOkvvt6C yOkvvt6E\">\n<div class=\"ywIf8Ay\">Peso<\/div>\n<\/td>\n<td class=\"yOkvvt64 yOkvvt65 yOkvvt6B yOkvvt6C yOkvvt6E\">1.33\u00a0kg<\/td>\n<\/tr>\n<\/tbody>\n<\/table>\n<\/div>\n","protected":false},"excerpt":{"rendered":"<p> [&#8230;]<\/p>\n","protected":false},"featured_media":1320,"comment_status":"open","ping_status":"closed","template":"","meta":[],"product_brand":[],"product_cat":[262],"product_tag":[],"class_list":{"0":"post-1319","1":"product","2":"type-product","3":"status-publish","4":"has-post-thumbnail","6":"product_cat-prodotti","8":"first","9":"instock","10":"taxable","11":"shipping-taxable","12":"purchasable","13":"product-type-simple"},"yoast_head":"<!-- This site is optimized with the Yoast SEO plugin v27.4 - https:\/\/yoast.com\/product\/yoast-seo-wordpress\/ -->\n<title>Ubiquiti UniFi WiFi 7 Pro-Max 8600 Mbit\/s Punto di accesso - Schifferle Computer<\/title>\n<meta name=\"robots\" content=\"index, follow, max-snippet:-1, max-image-preview:large, max-video-preview:-1\" \/>\n<link rel=\"canonical\" href=\"https:\/\/schifferlecomputer.ch\/shop\/ubiquiti-unifi-wifi-7-pro-max-8600-mbit-s\/\" \/>\n<meta property=\"og:locale\" content=\"it_IT\" \/>\n<meta property=\"og:type\" content=\"article\" \/>\n<meta property=\"og:title\" content=\"Ubiquiti UniFi WiFi 7 Pro-Max 8600 Mbit\/s Punto di accesso - Schifferle Computer\" \/>\n<meta property=\"og:description\" content=\"[...]\" \/>\n<meta property=\"og:url\" content=\"https:\/\/schifferlecomputer.ch\/shop\/ubiquiti-unifi-wifi-7-pro-max-8600-mbit-s\/\" \/>\n<meta property=\"og:site_name\" content=\"Schifferle Computer\" \/>\n<meta property=\"article:modified_time\" content=\"2025-08-18T19:28:44+00:00\" \/>\n<meta property=\"og:image\" content=\"https:\/\/schifferlecomputer.ch\/wp-content\/uploads\/2025\/08\/Ubiquiti-UniFi-WiFi-7-Pro-Max.jpg\" \/>\n\t<meta property=\"og:image:width\" content=\"460\" \/>\n\t<meta property=\"og:image:height\" content=\"458\" \/>\n\t<meta property=\"og:image:type\" content=\"image\/jpeg\" \/>\n<meta name=\"twitter:card\" content=\"summary_large_image\" \/>\n<meta name=\"twitter:label1\" content=\"Tempo di lettura stimato\" \/>\n\t<meta name=\"twitter:data1\" content=\"2 minuti\" \/>\n<script type=\"application\/ld+json\" class=\"yoast-schema-graph\">{\"@context\":\"https:\\\/\\\/schema.org\",\"@graph\":[{\"@type\":\"WebPage\",\"@id\":\"https:\\\/\\\/schifferlecomputer.ch\\\/shop\\\/ubiquiti-unifi-wifi-7-pro-max-8600-mbit-s\\\/\",\"url\":\"https:\\\/\\\/schifferlecomputer.ch\\\/shop\\\/ubiquiti-unifi-wifi-7-pro-max-8600-mbit-s\\\/\",\"name\":\"Ubiquiti UniFi WiFi 7 Pro-Max 8600 Mbit\\\/s Punto di accesso - Schifferle Computer\",\"isPartOf\":{\"@id\":\"https:\\\/\\\/schifferlecomputer.ch\\\/#website\"},\"primaryImageOfPage\":{\"@id\":\"https:\\\/\\\/schifferlecomputer.ch\\\/shop\\\/ubiquiti-unifi-wifi-7-pro-max-8600-mbit-s\\\/#primaryimage\"},\"image\":{\"@id\":\"https:\\\/\\\/schifferlecomputer.ch\\\/shop\\\/ubiquiti-unifi-wifi-7-pro-max-8600-mbit-s\\\/#primaryimage\"},\"thumbnailUrl\":\"https:\\\/\\\/schifferlecomputer.ch\\\/wp-content\\\/uploads\\\/2025\\\/08\\\/Ubiquiti-UniFi-WiFi-7-Pro-Max.jpg\",\"datePublished\":\"2025-08-18T15:18:22+00:00\",\"dateModified\":\"2025-08-18T19:28:44+00:00\",\"breadcrumb\":{\"@id\":\"https:\\\/\\\/schifferlecomputer.ch\\\/shop\\\/ubiquiti-unifi-wifi-7-pro-max-8600-mbit-s\\\/#breadcrumb\"},\"inLanguage\":\"it-IT\",\"potentialAction\":[{\"@type\":\"ReadAction\",\"target\":[\"https:\\\/\\\/schifferlecomputer.ch\\\/shop\\\/ubiquiti-unifi-wifi-7-pro-max-8600-mbit-s\\\/\"]}]},{\"@type\":\"ImageObject\",\"inLanguage\":\"it-IT\",\"@id\":\"https:\\\/\\\/schifferlecomputer.ch\\\/shop\\\/ubiquiti-unifi-wifi-7-pro-max-8600-mbit-s\\\/#primaryimage\",\"url\":\"https:\\\/\\\/schifferlecomputer.ch\\\/wp-content\\\/uploads\\\/2025\\\/08\\\/Ubiquiti-UniFi-WiFi-7-Pro-Max.jpg\",\"contentUrl\":\"https:\\\/\\\/schifferlecomputer.ch\\\/wp-content\\\/uploads\\\/2025\\\/08\\\/Ubiquiti-UniFi-WiFi-7-Pro-Max.jpg\",\"width\":460,\"height\":458},{\"@type\":\"BreadcrumbList\",\"@id\":\"https:\\\/\\\/schifferlecomputer.ch\\\/shop\\\/ubiquiti-unifi-wifi-7-pro-max-8600-mbit-s\\\/#breadcrumb\",\"itemListElement\":[{\"@type\":\"ListItem\",\"position\":1,\"name\":\"Start\",\"item\":\"https:\\\/\\\/schifferlecomputer.ch\\\/it\\\/\"},{\"@type\":\"ListItem\",\"position\":2,\"name\":\"Shop\",\"item\":\"https:\\\/\\\/schifferlecomputer.ch\\\/shop\\\/\"},{\"@type\":\"ListItem\",\"position\":3,\"name\":\"Ubiquiti UniFi WiFi 7 Pro-Max 8600 Mbit\\\/s Punto di accesso\"}]},{\"@type\":\"WebSite\",\"@id\":\"https:\\\/\\\/schifferlecomputer.ch\\\/#website\",\"url\":\"https:\\\/\\\/schifferlecomputer.ch\\\/\",\"name\":\"Schifferle Computer\",\"description\":\"\",\"potentialAction\":[{\"@type\":\"SearchAction\",\"target\":{\"@type\":\"EntryPoint\",\"urlTemplate\":\"https:\\\/\\\/schifferlecomputer.ch\\\/?s={search_term_string}\"},\"query-input\":{\"@type\":\"PropertyValueSpecification\",\"valueRequired\":true,\"valueName\":\"search_term_string\"}}],\"inLanguage\":\"it-IT\"}]}<\/script>\n<!-- \/ Yoast SEO plugin. -->","yoast_head_json":{"title":"Ubiquiti UniFi WiFi 7 Pro-Max 8600 Mbit\/s Punto di accesso - Schifferle Computer","robots":{"index":"index","follow":"follow","max-snippet":"max-snippet:-1","max-image-preview":"max-image-preview:large","max-video-preview":"max-video-preview:-1"},"canonical":"https:\/\/schifferlecomputer.ch\/shop\/ubiquiti-unifi-wifi-7-pro-max-8600-mbit-s\/","og_locale":"it_IT","og_type":"article","og_title":"Ubiquiti UniFi WiFi 7 Pro-Max 8600 Mbit\/s Punto di accesso - Schifferle Computer","og_description":"[...]","og_url":"https:\/\/schifferlecomputer.ch\/shop\/ubiquiti-unifi-wifi-7-pro-max-8600-mbit-s\/","og_site_name":"Schifferle Computer","article_modified_time":"2025-08-18T19:28:44+00:00","og_image":[{"width":460,"height":458,"url":"https:\/\/schifferlecomputer.ch\/wp-content\/uploads\/2025\/08\/Ubiquiti-UniFi-WiFi-7-Pro-Max.jpg","type":"image\/jpeg"}],"twitter_card":"summary_large_image","twitter_misc":{"Tempo di lettura stimato":"2 minuti"},"schema":{"@context":"https:\/\/schema.org","@graph":[{"@type":"WebPage","@id":"https:\/\/schifferlecomputer.ch\/shop\/ubiquiti-unifi-wifi-7-pro-max-8600-mbit-s\/","url":"https:\/\/schifferlecomputer.ch\/shop\/ubiquiti-unifi-wifi-7-pro-max-8600-mbit-s\/","name":"Ubiquiti UniFi WiFi 7 Pro-Max 8600 Mbit\/s Punto di accesso - Schifferle Computer","isPartOf":{"@id":"https:\/\/schifferlecomputer.ch\/#website"},"primaryImageOfPage":{"@id":"https:\/\/schifferlecomputer.ch\/shop\/ubiquiti-unifi-wifi-7-pro-max-8600-mbit-s\/#primaryimage"},"image":{"@id":"https:\/\/schifferlecomputer.ch\/shop\/ubiquiti-unifi-wifi-7-pro-max-8600-mbit-s\/#primaryimage"},"thumbnailUrl":"https:\/\/schifferlecomputer.ch\/wp-content\/uploads\/2025\/08\/Ubiquiti-UniFi-WiFi-7-Pro-Max.jpg","datePublished":"2025-08-18T15:18:22+00:00","dateModified":"2025-08-18T19:28:44+00:00","breadcrumb":{"@id":"https:\/\/schifferlecomputer.ch\/shop\/ubiquiti-unifi-wifi-7-pro-max-8600-mbit-s\/#breadcrumb"},"inLanguage":"it-IT","potentialAction":[{"@type":"ReadAction","target":["https:\/\/schifferlecomputer.ch\/shop\/ubiquiti-unifi-wifi-7-pro-max-8600-mbit-s\/"]}]},{"@type":"ImageObject","inLanguage":"it-IT","@id":"https:\/\/schifferlecomputer.ch\/shop\/ubiquiti-unifi-wifi-7-pro-max-8600-mbit-s\/#primaryimage","url":"https:\/\/schifferlecomputer.ch\/wp-content\/uploads\/2025\/08\/Ubiquiti-UniFi-WiFi-7-Pro-Max.jpg","contentUrl":"https:\/\/schifferlecomputer.ch\/wp-content\/uploads\/2025\/08\/Ubiquiti-UniFi-WiFi-7-Pro-Max.jpg","width":460,"height":458},{"@type":"BreadcrumbList","@id":"https:\/\/schifferlecomputer.ch\/shop\/ubiquiti-unifi-wifi-7-pro-max-8600-mbit-s\/#breadcrumb","itemListElement":[{"@type":"ListItem","position":1,"name":"Start","item":"https:\/\/schifferlecomputer.ch\/it\/"},{"@type":"ListItem","position":2,"name":"Shop","item":"https:\/\/schifferlecomputer.ch\/shop\/"},{"@type":"ListItem","position":3,"name":"Ubiquiti UniFi WiFi 7 Pro-Max 8600 Mbit\/s Punto di accesso"}]},{"@type":"WebSite","@id":"https:\/\/schifferlecomputer.ch\/#website","url":"https:\/\/schifferlecomputer.ch\/","name":"Schifferle Computer","description":"","potentialAction":[{"@type":"SearchAction","target":{"@type":"EntryPoint","urlTemplate":"https:\/\/schifferlecomputer.ch\/?s={search_term_string}"},"query-input":{"@type":"PropertyValueSpecification","valueRequired":true,"valueName":"search_term_string"}}],"inLanguage":"it-IT"}]}},"_links":{"self":[{"href":"https:\/\/schifferlecomputer.ch\/it\/wp-json\/wp\/v2\/product\/1319","targetHints":{"allow":["GET"]}}],"collection":[{"href":"https:\/\/schifferlecomputer.ch\/it\/wp-json\/wp\/v2\/product"}],"about":[{"href":"https:\/\/schifferlecomputer.ch\/it\/wp-json\/wp\/v2\/types\/product"}],"replies":[{"embeddable":true,"href":"https:\/\/schifferlecomputer.ch\/it\/wp-json\/wp\/v2\/comments?post=1319"}],"wp:featuredmedia":[{"embeddable":true,"href":"https:\/\/schifferlecomputer.ch\/it\/wp-json\/wp\/v2\/media\/1320"}],"wp:attachment":[{"href":"https:\/\/schifferlecomputer.ch\/it\/wp-json\/wp\/v2\/media?parent=1319"}],"wp:term":[{"taxonomy":"product_brand","embeddable":true,"href":"https:\/\/schifferlecomputer.ch\/it\/wp-json\/wp\/v2\/product_brand?post=1319"},{"taxonomy":"product_cat","embeddable":true,"href":"https:\/\/schifferlecomputer.ch\/it\/wp-json\/wp\/v2\/product_cat?post=1319"},{"taxonomy":"product_tag","embeddable":true,"href":"https:\/\/schifferlecomputer.ch\/it\/wp-json\/wp\/v2\/product_tag?post=1319"}],"curies":[{"name":"wp","href":"https:\/\/api.w.org\/{rel}","templated":true}]}}