{"id":352,"date":"2025-05-02T14:56:12","date_gmt":"2025-05-02T12:56:12","guid":{"rendered":"https:\/\/schifferlecomputer.ch\/?post_type=product&#038;p=352"},"modified":"2025-06-05T17:13:24","modified_gmt":"2025-06-05T15:13:24","slug":"prenota-comptia-security-sicurezza-it-spiegata-esame-syo-601","status":"publish","type":"product","link":"https:\/\/schifferlecomputer.ch\/it\/shop\/prenota-comptia-security-sicurezza-it-spiegata-esame-syo-601\/","title":{"rendered":"Libro CompTIA Security+: Sicurezza IT spiegata \u2013 Esame SYO-601"},"content":{"rendered":"<div id=\"titleblock_feature_div\" class=\"celwidget\" data-feature-name=\"titleblock\" data-csa-c-type=\"widget\" data-csa-c-content-id=\"titleblock\" data-csa-c-slot-id=\"titleblock_feature_div\" data-csa-c-asin=\"3747502547\" data-csa-c-is-in-initial-active-row=\"false\" data-csa-c-id=\"5e6rbz-lokbg4-ic42m6-f389zh\" data-cel-widget=\"titleblock_feature_div\">\n<div class=\"a-section a-spacing-none\">\n<h5><strong><span style=\"vertical-align: inherit;\"><span style=\"vertical-align: inherit;\">Titolo:<\/span><\/span><\/strong><span style=\"vertical-align: inherit;\"><span style=\"vertical-align: inherit;\"> CompTIA Security+: Sicurezza IT spiegata in modo comprensibile &#8211; Esame SYO-601 <\/span><\/span><br data-start=\"138\" data-end=\"141\" \/><strong data-start=\"141\" data-end=\"151\"><span style=\"vertical-align: inherit;\"><span style=\"vertical-align: inherit;\">Autore:<\/span><\/span><\/strong><span style=\"vertical-align: inherit;\"><span style=\"vertical-align: inherit;\"> Markus Kammermann &amp; Mathias Gut Pubblicato il 31 fa. 2021 <\/span><\/span><br data-start=\"164\" data-end=\"167\" \/><strong data-start=\"167\" data-end=\"179\"><span style=\"vertical-align: inherit;\"><span style=\"vertical-align: inherit;\">Lingua:<\/span><\/span><\/strong><span style=\"vertical-align: inherit;\"><span style=\"vertical-align: inherit;\"> Tedesco <\/span><\/span><br data-start=\"206\" data-end=\"209\" \/><strong data-start=\"209\" data-end=\"219\"><span style=\"vertical-align: inherit;\"><span style=\"vertical-align: inherit;\">Argomento:<\/span><\/span><\/strong><span style=\"vertical-align: inherit;\"><span style=\"vertical-align: inherit;\"> Sicurezza IT <\/span><\/span><br \/>\n<strong data-start=\"277\" data-end=\"288\"><span style=\"vertical-align: inherit;\"><span style=\"vertical-align: inherit;\">Editore:<\/span><\/span><\/strong><span style=\"vertical-align: inherit;\"><span style=\"vertical-align: inherit;\"> mitp <\/span><\/span><br \/>\n<strong data-start=\"299\" data-end=\"311\"><span style=\"vertical-align: inherit;\"><span style=\"vertical-align: inherit;\">Edizione:<\/span><\/span><\/strong><span style=\"vertical-align: inherit;\"><span style=\"vertical-align: inherit;\"> 4\u00aa edizione <\/span><\/span><br data-start=\"303\" data-end=\"306\" \/><strong data-start=\"306\" data-end=\"315\"><span style=\"vertical-align: inherit;\"><span style=\"vertical-align: inherit;\">ISBN:<\/span><\/span><\/strong><span style=\"vertical-align: inherit;\"><span style=\"vertical-align: inherit;\"> 978-3-7475-0254-9<\/span><\/span><\/h5>\n<p id=\"title\" class=\"a-spacing-none a-text-normal\"><span id=\"productTitle\" class=\"a-size-large celwidget\" data-csa-c-id=\"wdi7zz-eqrugh-vvmd0m-vg65xu\" data-cel-widget=\"productTitle\"><span style=\"vertical-align: inherit;\"><span style=\"vertical-align: inherit;\">CompTIA Security+: Sicurezza IT spiegata in modo comprensibile &#8211; Preparazione completa all&#8217;esame CompTIA SYO-601 (mitp Professional) Perfect Libro in brossura <\/span><\/span><\/span><span id=\"productSubtitle\" class=\"a-size-medium a-color-secondary celwidget\" data-csa-c-id=\"s7t619-s9wjdp-4gm4h-130myb\" data-cel-widget=\"productSubtitle\"><span style=\"vertical-align: inherit;\"><span style=\"vertical-align: inherit;\">\u2013 31 Ago. 2021<\/span><\/span><\/span><\/p>\n<\/div>\n<\/div>\n<div id=\"bookDescription_feature_div\" class=\"celwidget\" data-feature-name=\"bookDescription\" data-csa-c-type=\"widget\" data-csa-c-content-id=\"bookDescription\" data-csa-c-slot-id=\"bookDescription_feature_div\" data-csa-c-asin=\"3747502547\" data-csa-c-is-in-initial-active-row=\"false\" data-csa-c-id=\"7lqqg6-eynbel-bnyw3c-usurj5\" data-cel-widget=\"bookDescription_feature_div\">\n<div class=\"a-expander-collapsed-height a-row a-expander-container a-spacing-base a-expander-partial-collapse-container\" data-a-expander-name=\"book_description_expander\" data-a-expander-collapsed-height=\"280\">\n<div class=\"a-expander-content a-expander-partial-collapse-content a-expander-content-expanded\" data-expanded=\"true\">\n<ul class=\"a-unordered-list a-vertical\">\n<li><span class=\"a-list-item\"><span class=\"a-text-bold\"><span style=\"vertical-align: inherit;\"><span style=\"vertical-align: inherit;\">Panoramica completa e approfondita sulla sicurezza IT<\/span><\/span><\/span><\/span><\/li>\n<li><span class=\"a-list-item\"><span class=\"a-text-bold\"><span style=\"vertical-align: inherit;\"><span style=\"vertical-align: inherit;\">La nuova normativa include la protezione dei dati e la sicurezza dei dati<\/span><\/span><\/span><\/span><\/li>\n<li><span class=\"a-list-item\"><span class=\"a-text-bold\"><span style=\"vertical-align: inherit;\"><span style=\"vertical-align: inherit;\">Condomande di preparazione per ogni area tematica<\/span><\/span><\/span><\/span><\/li>\n<\/ul>\n<p><span style=\"vertical-align: inherit;\"><span style=\"vertical-align: inherit;\">Le minacce tutte le aziende dovute ad attacchi e debolezza nei sistema sono in continuo aumento. La sicurezza delle informazioni \u00e8 un tema centrale nell&#8217;ambiente IT. Gli utenti devono approfondire seriamente l&#8217;argomento e continuare a formarsi. Il certificato CompTIA Security+ \u00e8 una prova valida della sicurezza pratica e completa delle apparecchiature di sicurezza e della stessa copertura del dominio fondamentale.<\/span><\/span><\/p>\n<p><span style=\"vertical-align: inherit;\"><span style=\"vertical-align: inherit;\">L&#8217;edizione attuale dell&#8217;esame (SYO-601), \u00e8 anche questo il caso:<\/span><\/span><\/p>\n<ul class=\"a-unordered-list a-vertical\">\n<li><span class=\"a-list-item\"><span style=\"vertical-align: inherit;\"><span style=\"vertical-align: inherit;\">Minacce, attacco e vulnerabilit\u00e0<\/span><\/span><\/span><\/li>\n<li><span class=\"a-list-item\"><span style=\"vertical-align: inherit;\"><span style=\"vertical-align: inherit;\">Architettura e design dal punto di vista della sicurezza delle informazioni<\/span><\/span><\/span><\/li>\n<li><span class=\"a-list-item\"><span style=\"vertical-align: inherit;\"><span style=\"vertical-align: inherit;\">Attuazione delle misure di sicurezza e delle misure di sicurezza<\/span><\/span><\/span><\/li>\n<li><span class=\"a-list-item\"><span style=\"vertical-align: inherit;\"><span style=\"vertical-align: inherit;\">Operazioni di sicurezza ICT e protezione dagli incidenti<\/span><\/span><\/span><\/li>\n<li><span class=\"a-list-item\"><span style=\"vertical-align: inherit;\"><span style=\"vertical-align: inherit;\">Governance, gestione delle regole e conformit\u00e0<\/span><\/span><\/span><\/li>\n<\/ul>\n<p><span style=\"vertical-align: inherit;\"><span style=\"vertical-align: inherit;\">Il contratto dell&#8217;autore \u00e8 stato completato in modo completo con argomenti e forniranno con questo libro la conferma che \u00e8 necessaria per ottenere la certificazione. L&#8217;attenzione \u00e8 rivolta alla costruzione di un indennizzo personale per la sicurezza informatica. In questo caso, sar\u00e0 necessario acquisire le basi richieste per avere successo con lo stesso CompTIA Security+.<\/span><\/span><\/p>\n<\/div>\n<\/div>\n<\/div>\n","protected":false},"excerpt":{"rendered":"<p data-start=\"0\" data-end=\"130\"><span style=\"vertical-align: inherit;\"><span style=\"vertical-align: inherit;\">Il contratto dell&#8217;autore \u00e8 nella forma completa degli argomenti e si forniranno con il contenuto dei requisiti per la certificazione. L&#8217;attenzione \u00e8 rivolta alla costruzione di un compenso personale per la sicurezza informatica. In questo caso, sar\u00e0 necessario acquisire le basi richieste per avere successo con lo stesso CompTIA Security+.<\/span><\/span><\/p>\n<ul class=\"a-unordered-list a-vertical\">\n<li><span class=\"a-list-item\"><span class=\"a-text-bold\"><span style=\"vertical-align: inherit;\"><span style=\"vertical-align: inherit;\">Panoramica completa e approfondita sulla sicurezza IT<\/span><\/span><\/span><\/span><\/li>\n<li><span class=\"a-list-item\"><span class=\"a-text-bold\"><span style=\"vertical-align: inherit;\"><span style=\"vertical-align: inherit;\">La nuova normativa include la protezione dei dati e la sicurezza dei dati<\/span><\/span><\/span><\/span><\/li>\n<li><span class=\"a-list-item\"><span class=\"a-text-bold\"><span style=\"vertical-align: inherit;\"><span style=\"vertical-align: inherit;\">Condomande di preparazione per ogni area tematica<\/span><\/span><\/span><\/span><\/li>\n<\/ul>\n<p><span style=\"vertical-align: inherit;\"><span style=\"vertical-align: inherit;\">Le minacce tutte le aziende dovute ad attacchi e debolezza nei sistema sono in continuo aumento. La sicurezza delle informazioni \u00e8 un tema centrale nell&#8217;ambiente IT. Gli utenti devono approfondire seriamente l&#8217;argomento e continuare a formarsi. Il certificato CompTIA Security+ \u00e8 una prova valida della sicurezza pratica e completa delle apparecchiature di sicurezza e della stessa copertura del dominio fondamentale.<\/span><\/span><\/p>\n<p><span style=\"vertical-align: inherit;\"><span style=\"vertical-align: inherit;\">L&#8217;edizione attuale dell&#8217;esame (SYO-601), \u00e8 anche questo il caso:<\/span><\/span><\/p>\n<ul class=\"a-unordered-list a-vertical\">\n<li><span class=\"a-list-item\"><span style=\"vertical-align: inherit;\"><span style=\"vertical-align: inherit;\">Minacce, attacco e vulnerabilit\u00e0<\/span><\/span><\/span><\/li>\n<li><span class=\"a-list-item\"><span style=\"vertical-align: inherit;\"><span style=\"vertical-align: inherit;\">Architettura e design dal punto di vista della sicurezza delle informazioni<\/span><\/span><\/span><\/li>\n<li><span class=\"a-list-item\"><span style=\"vertical-align: inherit;\"><span style=\"vertical-align: inherit;\">Attuazione delle misure di sicurezza e delle misure di sicurezza<\/span><\/span><\/span><\/li>\n<li><span class=\"a-list-item\"><span style=\"vertical-align: inherit;\"><span style=\"vertical-align: inherit;\">Operazioni di sicurezza ICT e protezione dagli incidenti<\/span><\/span><\/span><\/li>\n<li><span class=\"a-list-item\"><span style=\"vertical-align: inherit;\"><span style=\"vertical-align: inherit;\">Governance, gestione delle regole e conformit\u00e0<\/span><\/span><\/span><\/li>\n<\/ul>\n","protected":false},"featured_media":322,"comment_status":"open","ping_status":"closed","template":"","meta":[],"product_brand":[],"product_cat":[79],"product_tag":[83],"class_list":{"0":"post-352","1":"product","2":"type-product","3":"status-publish","4":"has-post-thumbnail","6":"product_cat-libri-usati","7":"product_tag-markus-kammermann-mathias-gut","9":"first","10":"instock","11":"taxable","12":"shipping-taxable","13":"purchasable","14":"product-type-simple"},"yoast_head":"<!-- This site is optimized with the Yoast SEO plugin v27.4 - https:\/\/yoast.com\/product\/yoast-seo-wordpress\/ -->\n<title>Libro CompTIA Security+: Sicurezza IT spiegata \u2013 Esame SYO-601 - Schifferle Computer<\/title>\n<meta name=\"robots\" content=\"index, follow, max-snippet:-1, max-image-preview:large, max-video-preview:-1\" \/>\n<link rel=\"canonical\" href=\"https:\/\/schifferlecomputer.ch\/it\/shop\/prenota-comptia-security-sicurezza-it-spiegata-esame-syo-601\/\" \/>\n<meta property=\"og:locale\" content=\"it_IT\" \/>\n<meta property=\"og:type\" content=\"article\" \/>\n<meta property=\"og:title\" content=\"Libro CompTIA Security+: Sicurezza IT spiegata \u2013 Esame SYO-601 - Schifferle Computer\" \/>\n<meta property=\"og:description\" content=\"Il contratto dell&#039;autore \u00e8 nella forma completa degli argomenti e si forniranno con il contenuto dei requisiti per la certificazione. L&#039;attenzione \u00e8 rivolta alla costruzione di un compenso personale per la sicurezza informatica. In questo caso, sar\u00e0 necessario acquisire le basi richieste per avere successo con lo stesso CompTIA Security+.    Panoramica completa e approfondita sulla sicurezza IT  La nuova normativa include la protezione dei dati e la sicurezza dei dati  Condomande di preparazione per ogni area tematica  Le minacce tutte le aziende dovute ad attacchi e debolezza nei sistema sono in continuo aumento. La sicurezza delle informazioni \u00e8 un tema centrale nell&#039;ambiente IT. Gli utenti devono approfondire seriamente l&#039;argomento e continuare a formarsi. Il certificato CompTIA Security+ \u00e8 una prova valida della sicurezza pratica e completa delle apparecchiature di sicurezza e della stessa copertura del dominio fondamentale.  L&#039;edizione attuale dell&#039;esame (SYO-601), \u00e8 anche questo il caso:   Minacce, attacco e vulnerabilit\u00e0  Architettura e design dal punto di vista della sicurezza delle informazioni  Attuazione delle misure di sicurezza e delle misure di sicurezza  Operazioni di sicurezza ICT e protezione dagli incidenti  Governance, gestione delle regole e conformit\u00e0\" \/>\n<meta property=\"og:url\" content=\"https:\/\/schifferlecomputer.ch\/it\/shop\/prenota-comptia-security-sicurezza-it-spiegata-esame-syo-601\/\" \/>\n<meta property=\"og:site_name\" content=\"Schifferle Computer\" \/>\n<meta property=\"article:modified_time\" content=\"2025-06-05T15:13:24+00:00\" \/>\n<meta property=\"og:image\" content=\"https:\/\/schifferlecomputer.ch\/wp-content\/uploads\/2025\/04\/ComptiaPrufung601.jpg\" \/>\n\t<meta property=\"og:image:width\" content=\"301\" \/>\n\t<meta property=\"og:image:height\" content=\"425\" \/>\n\t<meta property=\"og:image:type\" content=\"image\/jpeg\" \/>\n<meta name=\"twitter:card\" content=\"summary_large_image\" \/>\n<meta name=\"twitter:label1\" content=\"Tempo di lettura stimato\" \/>\n\t<meta name=\"twitter:data1\" content=\"1 minuto\" \/>\n<script type=\"application\/ld+json\" class=\"yoast-schema-graph\">{\"@context\":\"https:\\\/\\\/schema.org\",\"@graph\":[{\"@type\":\"WebPage\",\"@id\":\"https:\\\/\\\/schifferlecomputer.ch\\\/it\\\/shop\\\/prenota-comptia-security-sicurezza-it-spiegata-esame-syo-601\\\/\",\"url\":\"https:\\\/\\\/schifferlecomputer.ch\\\/it\\\/shop\\\/prenota-comptia-security-sicurezza-it-spiegata-esame-syo-601\\\/\",\"name\":\"Libro CompTIA Security+: Sicurezza IT spiegata \u2013 Esame SYO-601 - Schifferle Computer\",\"isPartOf\":{\"@id\":\"https:\\\/\\\/schifferlecomputer.ch\\\/#website\"},\"primaryImageOfPage\":{\"@id\":\"https:\\\/\\\/schifferlecomputer.ch\\\/it\\\/shop\\\/prenota-comptia-security-sicurezza-it-spiegata-esame-syo-601\\\/#primaryimage\"},\"image\":{\"@id\":\"https:\\\/\\\/schifferlecomputer.ch\\\/it\\\/shop\\\/prenota-comptia-security-sicurezza-it-spiegata-esame-syo-601\\\/#primaryimage\"},\"thumbnailUrl\":\"https:\\\/\\\/schifferlecomputer.ch\\\/wp-content\\\/uploads\\\/2025\\\/04\\\/ComptiaPrufung601.jpg\",\"datePublished\":\"2025-05-02T12:56:12+00:00\",\"dateModified\":\"2025-06-05T15:13:24+00:00\",\"breadcrumb\":{\"@id\":\"https:\\\/\\\/schifferlecomputer.ch\\\/it\\\/shop\\\/prenota-comptia-security-sicurezza-it-spiegata-esame-syo-601\\\/#breadcrumb\"},\"inLanguage\":\"it-IT\",\"potentialAction\":[{\"@type\":\"ReadAction\",\"target\":[\"https:\\\/\\\/schifferlecomputer.ch\\\/it\\\/shop\\\/prenota-comptia-security-sicurezza-it-spiegata-esame-syo-601\\\/\"]}]},{\"@type\":\"ImageObject\",\"inLanguage\":\"it-IT\",\"@id\":\"https:\\\/\\\/schifferlecomputer.ch\\\/it\\\/shop\\\/prenota-comptia-security-sicurezza-it-spiegata-esame-syo-601\\\/#primaryimage\",\"url\":\"https:\\\/\\\/schifferlecomputer.ch\\\/wp-content\\\/uploads\\\/2025\\\/04\\\/ComptiaPrufung601.jpg\",\"contentUrl\":\"https:\\\/\\\/schifferlecomputer.ch\\\/wp-content\\\/uploads\\\/2025\\\/04\\\/ComptiaPrufung601.jpg\",\"width\":301,\"height\":425},{\"@type\":\"BreadcrumbList\",\"@id\":\"https:\\\/\\\/schifferlecomputer.ch\\\/it\\\/shop\\\/prenota-comptia-security-sicurezza-it-spiegata-esame-syo-601\\\/#breadcrumb\",\"itemListElement\":[{\"@type\":\"ListItem\",\"position\":1,\"name\":\"Start\",\"item\":\"https:\\\/\\\/schifferlecomputer.ch\\\/it\\\/\"},{\"@type\":\"ListItem\",\"position\":2,\"name\":\"Shop\",\"item\":\"https:\\\/\\\/schifferlecomputer.ch\\\/shop\\\/\"},{\"@type\":\"ListItem\",\"position\":3,\"name\":\"Libro CompTIA Security+: Sicurezza IT spiegata \u2013 Esame SYO-601\"}]},{\"@type\":\"WebSite\",\"@id\":\"https:\\\/\\\/schifferlecomputer.ch\\\/#website\",\"url\":\"https:\\\/\\\/schifferlecomputer.ch\\\/\",\"name\":\"Schifferle Computer\",\"description\":\"\",\"potentialAction\":[{\"@type\":\"SearchAction\",\"target\":{\"@type\":\"EntryPoint\",\"urlTemplate\":\"https:\\\/\\\/schifferlecomputer.ch\\\/?s={search_term_string}\"},\"query-input\":{\"@type\":\"PropertyValueSpecification\",\"valueRequired\":true,\"valueName\":\"search_term_string\"}}],\"inLanguage\":\"it-IT\"}]}<\/script>\n<!-- \/ Yoast SEO plugin. -->","yoast_head_json":{"title":"Libro CompTIA Security+: Sicurezza IT spiegata \u2013 Esame SYO-601 - Schifferle Computer","robots":{"index":"index","follow":"follow","max-snippet":"max-snippet:-1","max-image-preview":"max-image-preview:large","max-video-preview":"max-video-preview:-1"},"canonical":"https:\/\/schifferlecomputer.ch\/it\/shop\/prenota-comptia-security-sicurezza-it-spiegata-esame-syo-601\/","og_locale":"it_IT","og_type":"article","og_title":"Libro CompTIA Security+: Sicurezza IT spiegata \u2013 Esame SYO-601 - Schifferle Computer","og_description":"Il contratto dell'autore \u00e8 nella forma completa degli argomenti e si forniranno con il contenuto dei requisiti per la certificazione. L'attenzione \u00e8 rivolta alla costruzione di un compenso personale per la sicurezza informatica. In questo caso, sar\u00e0 necessario acquisire le basi richieste per avere successo con lo stesso CompTIA Security+.    Panoramica completa e approfondita sulla sicurezza IT  La nuova normativa include la protezione dei dati e la sicurezza dei dati  Condomande di preparazione per ogni area tematica  Le minacce tutte le aziende dovute ad attacchi e debolezza nei sistema sono in continuo aumento. La sicurezza delle informazioni \u00e8 un tema centrale nell'ambiente IT. Gli utenti devono approfondire seriamente l'argomento e continuare a formarsi. Il certificato CompTIA Security+ \u00e8 una prova valida della sicurezza pratica e completa delle apparecchiature di sicurezza e della stessa copertura del dominio fondamentale.  L'edizione attuale dell'esame (SYO-601), \u00e8 anche questo il caso:   Minacce, attacco e vulnerabilit\u00e0  Architettura e design dal punto di vista della sicurezza delle informazioni  Attuazione delle misure di sicurezza e delle misure di sicurezza  Operazioni di sicurezza ICT e protezione dagli incidenti  Governance, gestione delle regole e conformit\u00e0","og_url":"https:\/\/schifferlecomputer.ch\/it\/shop\/prenota-comptia-security-sicurezza-it-spiegata-esame-syo-601\/","og_site_name":"Schifferle Computer","article_modified_time":"2025-06-05T15:13:24+00:00","og_image":[{"width":301,"height":425,"url":"https:\/\/schifferlecomputer.ch\/wp-content\/uploads\/2025\/04\/ComptiaPrufung601.jpg","type":"image\/jpeg"}],"twitter_card":"summary_large_image","twitter_misc":{"Tempo di lettura stimato":"1 minuto"},"schema":{"@context":"https:\/\/schema.org","@graph":[{"@type":"WebPage","@id":"https:\/\/schifferlecomputer.ch\/it\/shop\/prenota-comptia-security-sicurezza-it-spiegata-esame-syo-601\/","url":"https:\/\/schifferlecomputer.ch\/it\/shop\/prenota-comptia-security-sicurezza-it-spiegata-esame-syo-601\/","name":"Libro CompTIA Security+: Sicurezza IT spiegata \u2013 Esame SYO-601 - Schifferle Computer","isPartOf":{"@id":"https:\/\/schifferlecomputer.ch\/#website"},"primaryImageOfPage":{"@id":"https:\/\/schifferlecomputer.ch\/it\/shop\/prenota-comptia-security-sicurezza-it-spiegata-esame-syo-601\/#primaryimage"},"image":{"@id":"https:\/\/schifferlecomputer.ch\/it\/shop\/prenota-comptia-security-sicurezza-it-spiegata-esame-syo-601\/#primaryimage"},"thumbnailUrl":"https:\/\/schifferlecomputer.ch\/wp-content\/uploads\/2025\/04\/ComptiaPrufung601.jpg","datePublished":"2025-05-02T12:56:12+00:00","dateModified":"2025-06-05T15:13:24+00:00","breadcrumb":{"@id":"https:\/\/schifferlecomputer.ch\/it\/shop\/prenota-comptia-security-sicurezza-it-spiegata-esame-syo-601\/#breadcrumb"},"inLanguage":"it-IT","potentialAction":[{"@type":"ReadAction","target":["https:\/\/schifferlecomputer.ch\/it\/shop\/prenota-comptia-security-sicurezza-it-spiegata-esame-syo-601\/"]}]},{"@type":"ImageObject","inLanguage":"it-IT","@id":"https:\/\/schifferlecomputer.ch\/it\/shop\/prenota-comptia-security-sicurezza-it-spiegata-esame-syo-601\/#primaryimage","url":"https:\/\/schifferlecomputer.ch\/wp-content\/uploads\/2025\/04\/ComptiaPrufung601.jpg","contentUrl":"https:\/\/schifferlecomputer.ch\/wp-content\/uploads\/2025\/04\/ComptiaPrufung601.jpg","width":301,"height":425},{"@type":"BreadcrumbList","@id":"https:\/\/schifferlecomputer.ch\/it\/shop\/prenota-comptia-security-sicurezza-it-spiegata-esame-syo-601\/#breadcrumb","itemListElement":[{"@type":"ListItem","position":1,"name":"Start","item":"https:\/\/schifferlecomputer.ch\/it\/"},{"@type":"ListItem","position":2,"name":"Shop","item":"https:\/\/schifferlecomputer.ch\/shop\/"},{"@type":"ListItem","position":3,"name":"Libro CompTIA Security+: Sicurezza IT spiegata \u2013 Esame SYO-601"}]},{"@type":"WebSite","@id":"https:\/\/schifferlecomputer.ch\/#website","url":"https:\/\/schifferlecomputer.ch\/","name":"Schifferle Computer","description":"","potentialAction":[{"@type":"SearchAction","target":{"@type":"EntryPoint","urlTemplate":"https:\/\/schifferlecomputer.ch\/?s={search_term_string}"},"query-input":{"@type":"PropertyValueSpecification","valueRequired":true,"valueName":"search_term_string"}}],"inLanguage":"it-IT"}]}},"_links":{"self":[{"href":"https:\/\/schifferlecomputer.ch\/it\/wp-json\/wp\/v2\/product\/352","targetHints":{"allow":["GET"]}}],"collection":[{"href":"https:\/\/schifferlecomputer.ch\/it\/wp-json\/wp\/v2\/product"}],"about":[{"href":"https:\/\/schifferlecomputer.ch\/it\/wp-json\/wp\/v2\/types\/product"}],"replies":[{"embeddable":true,"href":"https:\/\/schifferlecomputer.ch\/it\/wp-json\/wp\/v2\/comments?post=352"}],"wp:featuredmedia":[{"embeddable":true,"href":"https:\/\/schifferlecomputer.ch\/it\/wp-json\/wp\/v2\/media\/322"}],"wp:attachment":[{"href":"https:\/\/schifferlecomputer.ch\/it\/wp-json\/wp\/v2\/media?parent=352"}],"wp:term":[{"taxonomy":"product_brand","embeddable":true,"href":"https:\/\/schifferlecomputer.ch\/it\/wp-json\/wp\/v2\/product_brand?post=352"},{"taxonomy":"product_cat","embeddable":true,"href":"https:\/\/schifferlecomputer.ch\/it\/wp-json\/wp\/v2\/product_cat?post=352"},{"taxonomy":"product_tag","embeddable":true,"href":"https:\/\/schifferlecomputer.ch\/it\/wp-json\/wp\/v2\/product_tag?post=352"}],"curies":[{"name":"wp","href":"https:\/\/api.w.org\/{rel}","templated":true}]}}