{"id":354,"date":"2025-05-02T15:55:24","date_gmt":"2025-05-02T13:55:24","guid":{"rendered":"https:\/\/schifferlecomputer.ch\/?post_type=product&#038;p=354"},"modified":"2025-08-14T19:45:58","modified_gmt":"2025-08-14T17:45:58","slug":"libro-sulla-gestione-dei-dispositivi-mobili-mitp-professional","status":"publish","type":"product","link":"https:\/\/schifferlecomputer.ch\/it\/shop\/libro-sulla-gestione-dei-dispositivi-mobili-mitp-professional\/","title":{"rendered":"Libro Sulla Gestione Dei Dispositivi Mobili (mitp Professional)"},"content":{"rendered":"<div id=\"titleblock_feature_div\" class=\"celwidget\" data-feature-name=\"titleblock\" data-csa-c-type=\"widget\" data-csa-c-content-id=\"titleblock\" data-csa-c-slot-id=\"titleblock_feature_div\" data-csa-c-asin=\"3826692144\" data-csa-c-is-in-initial-active-row=\"false\" data-csa-c-id=\"4gl4ne-v9wwx9-hvrao0-xxlso\" data-cel-widget=\"titleblock_feature_div\">\n<div class=\"a-section a-spacing-none\">\n<h5><strong>Titolo: <\/strong><span id=\"productTitle\" class=\"a-size-large celwidget\" data-csa-c-id=\"mjozbv-swgqk5-iahy4w-6s5qat\" data-cel-widget=\"productTitle\">Mobile Device Management (mitp Professional)<br \/>\n<\/span><strong data-start=\"141\" data-end=\"151\">Autori:<\/strong> Gerhard Klett &amp; Heinrich Kersten Pubblicato il <span class=\"a-size-medium a-color-secondary celwidget\" data-csa-c-id=\"ilxrg4-bijnru-r2dafr-skywmb\" data-cel-widget=\"productSubtitle\">27 ago 2012<\/span><br \/>\n<strong data-start=\"167\" data-end=\"179\">Lingua:<\/strong> Tedesco <br data-start=\"206\" data-end=\"209\" \/><strong data-start=\"209\" data-end=\"219\">Tema: <\/strong><span id=\"productTitle\" class=\"a-size-large celwidget\" data-csa-c-id=\"mjozbv-swgqk5-iahy4w-6s5qat\" data-cel-widget=\"productTitle\">Mobile Device Management<br \/>\n<\/span><strong data-start=\"277\" data-end=\"288\">Editore:<\/strong> mitp<br \/>\n<strong data-start=\"299\" data-end=\"311\">Edizione:<\/strong> 1\u00aa edizione <br data-start=\"303\" data-end=\"306\" \/><strong data-start=\"306\" data-end=\"315\">ISBN: <\/strong>978-3-8266-9214-7<\/h5>\n<h5><span id=\"productTitle\" class=\"a-size-large celwidget\" data-csa-c-id=\"mjozbv-swgqk5-iahy4w-6s5qat\" data-cel-widget=\"productTitle\">Mobile Device Management (mitp Professional)\u00a0<\/span><span class=\"a-size-medium a-color-secondary celwidget\" data-csa-c-id=\"ilxrg4-bijnru-r2dafr-skywmb\" data-cel-widget=\"productSubtitle\">Copertina rigida \u2013 <\/span><span class=\"a-size-medium a-color-secondary celwidget\" data-csa-c-id=\"ilxrg4-bijnru-r2dafr-skywmb\" data-cel-widget=\"productSubtitle\">27 ago 2012<\/span><span id=\"productSubtitle\" class=\"a-size-medium a-color-secondary celwidget\" data-csa-c-id=\"ilxrg4-bijnru-r2dafr-skywmb\" data-cel-widget=\"productSubtitle\"><\/span><\/h5>\n<\/div>\n<\/div>\n<div id=\"bookDescription_feature_div\" class=\"celwidget\" data-feature-name=\"bookDescription\" data-csa-c-type=\"widget\" data-csa-c-content-id=\"bookDescription\" data-csa-c-slot-id=\"bookDescription_feature_div\" data-csa-c-asin=\"3826692144\" data-csa-c-is-in-initial-active-row=\"false\" data-csa-c-id=\"7a43na-z440ek-8rsvsm-pn7v5m\" data-cel-widget=\"bookDescription_feature_div\">\n<div class=\"a-expander-collapsed-height a-row a-expander-container a-spacing-base a-expander-partial-collapse-container\" data-a-expander-name=\"book_description_expander\" data-a-expander-collapsed-height=\"280\">\n<ul class=\"a-unordered-list a-vertical\">\n<li><span class=\"a-list-item\">Rischi per la sicurezza nell\u2019uso di dispositivi mobili<\/span><\/li>\n<li><span class=\"a-list-item\">Analisi dell&#8217;impatto aziendale, ripristino di emergenza, gestione delle crisi<\/span><\/li>\n<li><span class=\"a-list-item\">Pratica: selezione di un sistema MDM, linee guida per il lavoro mobile<\/span><\/li>\n<\/ul>\n<pre class=\"a-expander-content a-expander-partial-collapse-content a-expander-content-expanded\" data-expanded=\"true\"><span class=\"a-text-bold\">Dal contenuto:<\/span><\/pre>\n<ul class=\"a-unordered-list a-vertical\">\n<li><span class=\"a-list-item\">Smartphone, pad, tablet<\/span><\/li>\n<li><span class=\"a-list-item\">Sistemi operativi per dispositivi mobili<\/span><\/li>\n<li><span class=\"a-list-item\">Opzioni di comunicazione: GSM, UMTS, LTE, WLAN, Bluetooth, NFC, USB, schede di memoria, fotocamera<\/span><\/li>\n<li><span class=\"a-list-item\">Dispositivi mobili e i loro app store<\/span><\/li>\n<li><span class=\"a-list-item\">ISO 27001 e protezione di base<\/span><\/li>\n<li><span class=\"a-list-item\">Misure di sicurezza e controllo<\/span><\/li>\n<li><span class=\"a-list-item\">Problemi di sicurezza dei dispositivi mobili<\/span><\/li>\n<li><span class=\"a-list-item\">Accesso non autorizzato a causa di perdita e\/o furto<\/span><\/li>\n<li><span class=\"a-list-item\">Malware, phishing, shoulder surfing<\/span><\/li>\n<li><span class=\"a-list-item\">Vulnerabilit\u00e0 della comunicazione wireless<\/span><\/li>\n<li><span class=\"a-list-item\">Inventario, gestione degli incidenti e dei problemi<\/span><\/li>\n<li><span class=\"a-list-item\">Distribuzione di patch, aggiornamenti e software applicativo<\/span><\/li>\n<li><span class=\"a-list-item\">Verifica della conformit\u00e0 alle politiche di sicurezza<\/span><\/li>\n<li><span class=\"a-list-item\">Protocolli di gestione mobile<\/span><\/li>\n<li><span class=\"a-list-item\">Mobile Device Management tramite app client<\/span><\/li>\n<li><span class=\"a-list-item\">Continuit\u00e0 operativa: analisi dell\u2019impatto aziendale, misure preventive, misure reattive, esercitazioni di emergenza, misurazione degli indicatori<\/span><\/li>\n<li><span class=\"a-list-item\">Gestione di un&#8217;infrastruttura mobile eterogenea<\/span><\/li>\n<li><span class=\"a-list-item\">BYOD o dispositivi aziendali?<\/span><\/li>\n<li><span class=\"a-list-item\">Pratica: selezione di un sistema MDM<\/span><\/li>\n<li><span class=\"a-list-item\">Valutazione dei prodotti MDM<\/span><\/li>\n<li><span class=\"a-list-item\">Scenari di utilizzo della soluzione MDM<\/span><\/li>\n<li><span class=\"a-list-item\">Linee guida per il lavoro mobile<\/span><\/li>\n<\/ul>\n<\/div>\n<\/div>\n","protected":false},"excerpt":{"rendered":"<p data-start=\"0\" data-end=\"130\">L&#8217;evoluzione del mobile computing osservata negli ultimi anni e il rapido aumento dell&#8217;utilizzo di dispositivi mobili come netbook, smartphone e tablet in ambito aziendale hanno trasformato in modo duraturo il nostro mondo del lavoro e le infrastrutture IT. I dipendenti possono accedere alle risorse della rete aziendale indipendentemente dal luogo e dall&#8217;orario, consultare dati aziendali o leggere e-mail. L\u2019accesso semplificato in mobilit\u00e0 alle informazioni e risorse aziendali, tramite dispositivi mobili personali (BYOD: Bring Your Own Device) o aziendali, aumenta in modo sostenibile la produttivit\u00e0 e la motivazione del personale. Tuttavia, l&#8217;uso di dispositivi mobili accresce significativamente i rischi legati alla sicurezza delle informazioni e richiede una strategia di integrazione completa.<br \/>\nIn questa opera vengono inizialmente presentati l\u2019hardware dei dispositivi mobili pi\u00f9 utilizzati nella pratica, quindi si discutono i rispettivi sistemi operativi e la loro origine, evidenziando alcune particolarit\u00e0 in merito alle possibilit\u00e0 di amministrazione e alle funzioni di sicurezza. Tra queste rientra, ad esempio, la distinzione tra il sistema operativo vero e proprio e le modifiche software specifiche apportate dagli operatori di rete, il cosiddetto branding. Inoltre, per la gestione dei dispositivi \u00e8 importante analizzare i processi di approvvigionamento (provisioning) di software applicativo \u2013 le app \u2013 nonch\u00e9 di aggiornamenti o patch per i sistemi operativi.<br \/>\nLa gestione dei dispositivi mobili (Mobile Device Management) \u00e8 naturalmente anche oggetto dei principali standard di sicurezza. A tal fine, in questo libro vengono analizzati i controlli corrispondenti previsti dalla norma ISO 27001 e dal catalogo delle misure di base della sicurezza informatica (BSI-Grundschutz). Il rispetto della conformit\u00e0 (compliance) e la continuit\u00e0 operativa (business continuity), le problematiche BYOD, cos\u00ec come le diverse componenti di un sistema MDM, costituiscono ulteriori temi centrali del libro. Infine, gli autori elencano i criteri rilevanti per la pratica nella scelta di un sistema MDM e propongono linee guida aziendali che definiscono le regole per l\u2019utilizzo dei dispositivi mobili in azienda.<\/p>\n","protected":false},"featured_media":283,"comment_status":"open","ping_status":"closed","template":"","meta":[],"product_brand":[],"product_cat":[79],"product_tag":[84],"class_list":{"0":"post-354","1":"product","2":"type-product","3":"status-publish","4":"has-post-thumbnail","6":"product_cat-libri-usati","7":"product_tag-gerhard-klett-heinrich-kersten","9":"first","10":"instock","11":"taxable","12":"shipping-taxable","13":"purchasable","14":"product-type-simple"},"yoast_head":"<!-- This site is optimized with the Yoast SEO plugin v27.4 - https:\/\/yoast.com\/product\/yoast-seo-wordpress\/ -->\n<title>Libro Sulla Gestione Dei Dispositivi Mobili (mitp Professional) - Schifferle Computer<\/title>\n<meta name=\"robots\" content=\"index, follow, max-snippet:-1, max-image-preview:large, max-video-preview:-1\" \/>\n<link rel=\"canonical\" href=\"https:\/\/schifferlecomputer.ch\/it\/shop\/libro-sulla-gestione-dei-dispositivi-mobili-mitp-professional\/\" \/>\n<meta property=\"og:locale\" content=\"it_IT\" \/>\n<meta property=\"og:type\" content=\"article\" \/>\n<meta property=\"og:title\" content=\"Libro Sulla Gestione Dei Dispositivi Mobili (mitp Professional) - Schifferle Computer\" \/>\n<meta property=\"og:description\" content=\"L&#039;evoluzione del mobile computing osservata negli ultimi anni e il rapido aumento dell&#039;utilizzo di dispositivi mobili come netbook, smartphone e tablet in ambito aziendale hanno trasformato in modo duraturo il nostro mondo del lavoro e le infrastrutture IT. I dipendenti possono accedere alle risorse della rete aziendale indipendentemente dal luogo e dall&#039;orario, consultare dati aziendali o leggere e-mail. L\u2019accesso semplificato in mobilit\u00e0 alle informazioni e risorse aziendali, tramite dispositivi mobili personali (BYOD: Bring Your Own Device) o aziendali, aumenta in modo sostenibile la produttivit\u00e0 e la motivazione del personale. Tuttavia, l&#039;uso di dispositivi mobili accresce significativamente i rischi legati alla sicurezza delle informazioni e richiede una strategia di integrazione completa. In questa opera vengono inizialmente presentati l\u2019hardware dei dispositivi mobili pi\u00f9 utilizzati nella pratica, quindi si discutono i rispettivi sistemi operativi e la loro origine, evidenziando alcune particolarit\u00e0 in merito alle possibilit\u00e0 di amministrazione e alle funzioni di sicurezza. Tra queste rientra, ad esempio, la distinzione tra il sistema operativo vero e proprio e le modifiche software specifiche apportate dagli operatori di rete, il cosiddetto branding. Inoltre, per la gestione dei dispositivi \u00e8 importante analizzare i processi di approvvigionamento (provisioning) di software applicativo \u2013 le app \u2013 nonch\u00e9 di aggiornamenti o patch per i sistemi operativi. La gestione dei dispositivi mobili (Mobile Device Management) \u00e8 naturalmente anche oggetto dei principali standard di sicurezza. A tal fine, in questo libro vengono analizzati i controlli corrispondenti previsti dalla norma ISO 27001 e dal catalogo delle misure di base della sicurezza informatica (BSI-Grundschutz). Il rispetto della conformit\u00e0 (compliance) e la continuit\u00e0 operativa (business continuity), le problematiche BYOD, cos\u00ec come le diverse componenti di un sistema MDM, costituiscono ulteriori temi centrali del libro. Infine, gli autori elencano i criteri rilevanti per la pratica nella scelta di un sistema MDM e propongono linee guida aziendali che definiscono le regole per l\u2019utilizzo dei dispositivi mobili in azienda.\" \/>\n<meta property=\"og:url\" content=\"https:\/\/schifferlecomputer.ch\/it\/shop\/libro-sulla-gestione-dei-dispositivi-mobili-mitp-professional\/\" \/>\n<meta property=\"og:site_name\" content=\"Schifferle Computer\" \/>\n<meta property=\"article:modified_time\" content=\"2025-08-14T17:45:58+00:00\" \/>\n<meta property=\"og:image\" content=\"https:\/\/schifferlecomputer.ch\/wp-content\/uploads\/2025\/04\/M.D.M.jpg\" \/>\n\t<meta property=\"og:image:width\" content=\"302\" \/>\n\t<meta property=\"og:image:height\" content=\"425\" \/>\n\t<meta property=\"og:image:type\" content=\"image\/jpeg\" \/>\n<meta name=\"twitter:card\" content=\"summary_large_image\" \/>\n<meta name=\"twitter:label1\" content=\"Tempo di lettura stimato\" \/>\n\t<meta name=\"twitter:data1\" content=\"1 minuto\" \/>\n<script type=\"application\/ld+json\" class=\"yoast-schema-graph\">{\"@context\":\"https:\\\/\\\/schema.org\",\"@graph\":[{\"@type\":\"WebPage\",\"@id\":\"https:\\\/\\\/schifferlecomputer.ch\\\/it\\\/shop\\\/libro-sulla-gestione-dei-dispositivi-mobili-mitp-professional\\\/\",\"url\":\"https:\\\/\\\/schifferlecomputer.ch\\\/it\\\/shop\\\/libro-sulla-gestione-dei-dispositivi-mobili-mitp-professional\\\/\",\"name\":\"Libro Sulla Gestione Dei Dispositivi Mobili (mitp Professional) - Schifferle Computer\",\"isPartOf\":{\"@id\":\"https:\\\/\\\/schifferlecomputer.ch\\\/#website\"},\"primaryImageOfPage\":{\"@id\":\"https:\\\/\\\/schifferlecomputer.ch\\\/it\\\/shop\\\/libro-sulla-gestione-dei-dispositivi-mobili-mitp-professional\\\/#primaryimage\"},\"image\":{\"@id\":\"https:\\\/\\\/schifferlecomputer.ch\\\/it\\\/shop\\\/libro-sulla-gestione-dei-dispositivi-mobili-mitp-professional\\\/#primaryimage\"},\"thumbnailUrl\":\"https:\\\/\\\/schifferlecomputer.ch\\\/wp-content\\\/uploads\\\/2025\\\/04\\\/M.D.M.jpg\",\"datePublished\":\"2025-05-02T13:55:24+00:00\",\"dateModified\":\"2025-08-14T17:45:58+00:00\",\"breadcrumb\":{\"@id\":\"https:\\\/\\\/schifferlecomputer.ch\\\/it\\\/shop\\\/libro-sulla-gestione-dei-dispositivi-mobili-mitp-professional\\\/#breadcrumb\"},\"inLanguage\":\"it-IT\",\"potentialAction\":[{\"@type\":\"ReadAction\",\"target\":[\"https:\\\/\\\/schifferlecomputer.ch\\\/it\\\/shop\\\/libro-sulla-gestione-dei-dispositivi-mobili-mitp-professional\\\/\"]}]},{\"@type\":\"ImageObject\",\"inLanguage\":\"it-IT\",\"@id\":\"https:\\\/\\\/schifferlecomputer.ch\\\/it\\\/shop\\\/libro-sulla-gestione-dei-dispositivi-mobili-mitp-professional\\\/#primaryimage\",\"url\":\"https:\\\/\\\/schifferlecomputer.ch\\\/wp-content\\\/uploads\\\/2025\\\/04\\\/M.D.M.jpg\",\"contentUrl\":\"https:\\\/\\\/schifferlecomputer.ch\\\/wp-content\\\/uploads\\\/2025\\\/04\\\/M.D.M.jpg\",\"width\":302,\"height\":425},{\"@type\":\"BreadcrumbList\",\"@id\":\"https:\\\/\\\/schifferlecomputer.ch\\\/it\\\/shop\\\/libro-sulla-gestione-dei-dispositivi-mobili-mitp-professional\\\/#breadcrumb\",\"itemListElement\":[{\"@type\":\"ListItem\",\"position\":1,\"name\":\"Start\",\"item\":\"https:\\\/\\\/schifferlecomputer.ch\\\/it\\\/\"},{\"@type\":\"ListItem\",\"position\":2,\"name\":\"Shop\",\"item\":\"https:\\\/\\\/schifferlecomputer.ch\\\/shop\\\/\"},{\"@type\":\"ListItem\",\"position\":3,\"name\":\"Libro Sulla Gestione Dei Dispositivi Mobili (mitp Professional)\"}]},{\"@type\":\"WebSite\",\"@id\":\"https:\\\/\\\/schifferlecomputer.ch\\\/#website\",\"url\":\"https:\\\/\\\/schifferlecomputer.ch\\\/\",\"name\":\"Schifferle Computer\",\"description\":\"\",\"potentialAction\":[{\"@type\":\"SearchAction\",\"target\":{\"@type\":\"EntryPoint\",\"urlTemplate\":\"https:\\\/\\\/schifferlecomputer.ch\\\/?s={search_term_string}\"},\"query-input\":{\"@type\":\"PropertyValueSpecification\",\"valueRequired\":true,\"valueName\":\"search_term_string\"}}],\"inLanguage\":\"it-IT\"}]}<\/script>\n<!-- \/ Yoast SEO plugin. -->","yoast_head_json":{"title":"Libro Sulla Gestione Dei Dispositivi Mobili (mitp Professional) - Schifferle Computer","robots":{"index":"index","follow":"follow","max-snippet":"max-snippet:-1","max-image-preview":"max-image-preview:large","max-video-preview":"max-video-preview:-1"},"canonical":"https:\/\/schifferlecomputer.ch\/it\/shop\/libro-sulla-gestione-dei-dispositivi-mobili-mitp-professional\/","og_locale":"it_IT","og_type":"article","og_title":"Libro Sulla Gestione Dei Dispositivi Mobili (mitp Professional) - Schifferle Computer","og_description":"L'evoluzione del mobile computing osservata negli ultimi anni e il rapido aumento dell'utilizzo di dispositivi mobili come netbook, smartphone e tablet in ambito aziendale hanno trasformato in modo duraturo il nostro mondo del lavoro e le infrastrutture IT. I dipendenti possono accedere alle risorse della rete aziendale indipendentemente dal luogo e dall'orario, consultare dati aziendali o leggere e-mail. L\u2019accesso semplificato in mobilit\u00e0 alle informazioni e risorse aziendali, tramite dispositivi mobili personali (BYOD: Bring Your Own Device) o aziendali, aumenta in modo sostenibile la produttivit\u00e0 e la motivazione del personale. Tuttavia, l'uso di dispositivi mobili accresce significativamente i rischi legati alla sicurezza delle informazioni e richiede una strategia di integrazione completa. In questa opera vengono inizialmente presentati l\u2019hardware dei dispositivi mobili pi\u00f9 utilizzati nella pratica, quindi si discutono i rispettivi sistemi operativi e la loro origine, evidenziando alcune particolarit\u00e0 in merito alle possibilit\u00e0 di amministrazione e alle funzioni di sicurezza. Tra queste rientra, ad esempio, la distinzione tra il sistema operativo vero e proprio e le modifiche software specifiche apportate dagli operatori di rete, il cosiddetto branding. Inoltre, per la gestione dei dispositivi \u00e8 importante analizzare i processi di approvvigionamento (provisioning) di software applicativo \u2013 le app \u2013 nonch\u00e9 di aggiornamenti o patch per i sistemi operativi. La gestione dei dispositivi mobili (Mobile Device Management) \u00e8 naturalmente anche oggetto dei principali standard di sicurezza. A tal fine, in questo libro vengono analizzati i controlli corrispondenti previsti dalla norma ISO 27001 e dal catalogo delle misure di base della sicurezza informatica (BSI-Grundschutz). Il rispetto della conformit\u00e0 (compliance) e la continuit\u00e0 operativa (business continuity), le problematiche BYOD, cos\u00ec come le diverse componenti di un sistema MDM, costituiscono ulteriori temi centrali del libro. Infine, gli autori elencano i criteri rilevanti per la pratica nella scelta di un sistema MDM e propongono linee guida aziendali che definiscono le regole per l\u2019utilizzo dei dispositivi mobili in azienda.","og_url":"https:\/\/schifferlecomputer.ch\/it\/shop\/libro-sulla-gestione-dei-dispositivi-mobili-mitp-professional\/","og_site_name":"Schifferle Computer","article_modified_time":"2025-08-14T17:45:58+00:00","og_image":[{"width":302,"height":425,"url":"https:\/\/schifferlecomputer.ch\/wp-content\/uploads\/2025\/04\/M.D.M.jpg","type":"image\/jpeg"}],"twitter_card":"summary_large_image","twitter_misc":{"Tempo di lettura stimato":"1 minuto"},"schema":{"@context":"https:\/\/schema.org","@graph":[{"@type":"WebPage","@id":"https:\/\/schifferlecomputer.ch\/it\/shop\/libro-sulla-gestione-dei-dispositivi-mobili-mitp-professional\/","url":"https:\/\/schifferlecomputer.ch\/it\/shop\/libro-sulla-gestione-dei-dispositivi-mobili-mitp-professional\/","name":"Libro Sulla Gestione Dei Dispositivi Mobili (mitp Professional) - Schifferle Computer","isPartOf":{"@id":"https:\/\/schifferlecomputer.ch\/#website"},"primaryImageOfPage":{"@id":"https:\/\/schifferlecomputer.ch\/it\/shop\/libro-sulla-gestione-dei-dispositivi-mobili-mitp-professional\/#primaryimage"},"image":{"@id":"https:\/\/schifferlecomputer.ch\/it\/shop\/libro-sulla-gestione-dei-dispositivi-mobili-mitp-professional\/#primaryimage"},"thumbnailUrl":"https:\/\/schifferlecomputer.ch\/wp-content\/uploads\/2025\/04\/M.D.M.jpg","datePublished":"2025-05-02T13:55:24+00:00","dateModified":"2025-08-14T17:45:58+00:00","breadcrumb":{"@id":"https:\/\/schifferlecomputer.ch\/it\/shop\/libro-sulla-gestione-dei-dispositivi-mobili-mitp-professional\/#breadcrumb"},"inLanguage":"it-IT","potentialAction":[{"@type":"ReadAction","target":["https:\/\/schifferlecomputer.ch\/it\/shop\/libro-sulla-gestione-dei-dispositivi-mobili-mitp-professional\/"]}]},{"@type":"ImageObject","inLanguage":"it-IT","@id":"https:\/\/schifferlecomputer.ch\/it\/shop\/libro-sulla-gestione-dei-dispositivi-mobili-mitp-professional\/#primaryimage","url":"https:\/\/schifferlecomputer.ch\/wp-content\/uploads\/2025\/04\/M.D.M.jpg","contentUrl":"https:\/\/schifferlecomputer.ch\/wp-content\/uploads\/2025\/04\/M.D.M.jpg","width":302,"height":425},{"@type":"BreadcrumbList","@id":"https:\/\/schifferlecomputer.ch\/it\/shop\/libro-sulla-gestione-dei-dispositivi-mobili-mitp-professional\/#breadcrumb","itemListElement":[{"@type":"ListItem","position":1,"name":"Start","item":"https:\/\/schifferlecomputer.ch\/it\/"},{"@type":"ListItem","position":2,"name":"Shop","item":"https:\/\/schifferlecomputer.ch\/shop\/"},{"@type":"ListItem","position":3,"name":"Libro Sulla Gestione Dei Dispositivi Mobili (mitp Professional)"}]},{"@type":"WebSite","@id":"https:\/\/schifferlecomputer.ch\/#website","url":"https:\/\/schifferlecomputer.ch\/","name":"Schifferle Computer","description":"","potentialAction":[{"@type":"SearchAction","target":{"@type":"EntryPoint","urlTemplate":"https:\/\/schifferlecomputer.ch\/?s={search_term_string}"},"query-input":{"@type":"PropertyValueSpecification","valueRequired":true,"valueName":"search_term_string"}}],"inLanguage":"it-IT"}]}},"_links":{"self":[{"href":"https:\/\/schifferlecomputer.ch\/it\/wp-json\/wp\/v2\/product\/354","targetHints":{"allow":["GET"]}}],"collection":[{"href":"https:\/\/schifferlecomputer.ch\/it\/wp-json\/wp\/v2\/product"}],"about":[{"href":"https:\/\/schifferlecomputer.ch\/it\/wp-json\/wp\/v2\/types\/product"}],"replies":[{"embeddable":true,"href":"https:\/\/schifferlecomputer.ch\/it\/wp-json\/wp\/v2\/comments?post=354"}],"wp:featuredmedia":[{"embeddable":true,"href":"https:\/\/schifferlecomputer.ch\/it\/wp-json\/wp\/v2\/media\/283"}],"wp:attachment":[{"href":"https:\/\/schifferlecomputer.ch\/it\/wp-json\/wp\/v2\/media?parent=354"}],"wp:term":[{"taxonomy":"product_brand","embeddable":true,"href":"https:\/\/schifferlecomputer.ch\/it\/wp-json\/wp\/v2\/product_brand?post=354"},{"taxonomy":"product_cat","embeddable":true,"href":"https:\/\/schifferlecomputer.ch\/it\/wp-json\/wp\/v2\/product_cat?post=354"},{"taxonomy":"product_tag","embeddable":true,"href":"https:\/\/schifferlecomputer.ch\/it\/wp-json\/wp\/v2\/product_tag?post=354"}],"curies":[{"name":"wp","href":"https:\/\/api.w.org\/{rel}","templated":true}]}}