{"id":504,"date":"2025-05-07T16:09:39","date_gmt":"2025-05-07T14:09:39","guid":{"rendered":"https:\/\/schifferlecomputer.ch\/?post_type=product&#038;p=504"},"modified":"2025-06-05T17:09:27","modified_gmt":"2025-06-05T15:09:27","slug":"buch-java-power-tools","status":"publish","type":"product","link":"https:\/\/schifferlecomputer.ch\/it\/shop\/buch-java-power-tools\/","title":{"rendered":"Libro Java Power Tools"},"content":{"rendered":"<h5><strong data-start=\"58\" data-end=\"68\"><span style=\"vertical-align: inherit;\">Titolo:<\/span><\/strong><span style=\"vertical-align: inherit;\"> Java Power Tools <\/span><br data-start=\"138\" data-end=\"141\" \/><strong data-start=\"141\" data-end=\"151\"><span style=\"vertical-align: inherit;\">Autore:<\/span><\/strong><span style=\"vertical-align: inherit;\"> John Ferguson Data di pubblicazione: aprile 2008 <\/span><br data-start=\"164\" data-end=\"167\" \/><strong data-start=\"167\" data-end=\"179\"><span style=\"vertical-align: inherit;\">Lingua:<\/span><\/strong><span style=\"vertical-align: inherit;\"> inglese (lingua originale) <\/span><br data-start=\"206\" data-end=\"209\" \/><strong data-start=\"209\" data-end=\"219\"><span style=\"vertical-align: inherit;\">Argomento:<\/span><\/strong><span style=\"vertical-align: inherit;\"> Java <\/span><br \/>\n<strong><span style=\"vertical-align: inherit;\">Editore<\/span><\/strong><span style=\"vertical-align: inherit;\"> : O&#8217;Reilly Media, Inc. <\/span><br data-start=\"296\" data-end=\"299\" \/><strong data-start=\"299\" data-end=\"311\"><span style=\"vertical-align: inherit;\">Edizione:<\/span><\/strong><span style=\"vertical-align: inherit;\"> prima edizione <\/span><br \/>\n<strong><span style=\"vertical-align: inherit;\">ISBN:<\/span><\/strong><span style=\"vertical-align: inherit;\"> 978-0-596-52793-8<\/span><\/h5>\n<p class=\"\" data-start=\"132\" data-end=\"222\"><span style=\"vertical-align: inherit;\">Leggilo subito sulla piattaforma di apprendimento O&#8217;Reilly con una prova gratuita di 10 giorni.<\/span><\/p>\n<p class=\"\" data-start=\"224\" data-end=\"414\"><span style=\"vertical-align: inherit;\">Gli iscritti a O&#8217;Reilly hanno accesso illimitato a libri, eventi dal vivo, corsi selezionati in base ai ruoli professionali e altro ancora, offerti da O&#8217;Reilly e da quasi 200 editori leader.<\/span><\/p>\n","protected":false},"excerpt":{"rendered":"<p class=\"\" data-start=\"22\" data-end=\"570\"><span style=\"vertical-align: inherit;\">Tutti i veri artigiani hanno bisogno degli strumenti migliori per svolgere al meglio il loro lavoro, e i programmatori non fanno eccezione. <\/span><em data-start=\"155\" data-end=\"173\"><span style=\"vertical-align: inherit;\">Java Power Tools<\/span><\/em><span style=\"vertical-align: inherit;\"> offre 30 strumenti open source pensati per migliorare le pratiche di sviluppo degli sviluppatori Java in team o organizzazioni di qualsiasi dimensione. Ogni capitolo contiene una serie di brevi articoli su uno strumento specifico, che si tratti di sistemi di compilazione, controllo delle versioni o altri aspetti del processo di sviluppo, offrendo l&#8217;equivalente di 30 brevi manuali di riferimento in un unico pacchetto.<\/span><\/p>\n<p class=\"\" data-start=\"572\" data-end=\"1035\"><span style=\"vertical-align: inherit;\">Indipendentemente dal metodo di sviluppo scelto dal tuo team, Agile, RUP, XP, SCRUM o una delle tante altre metodologie disponibili, <\/span><em data-start=\"702\" data-end=\"720\"><span style=\"vertical-align: inherit;\">Java Power Tools<\/span><\/em><span style=\"vertical-align: inherit;\"> fornisce tecniche e strumenti pratici per semplificare il processo. Il libro affronta questioni chiave nello sviluppo Java e le migliori pratiche, concentrandosi su strumenti open source che possono contribuire ad aumentare la produttivit\u00e0 in ogni area del ciclo di vita dello sviluppo, tra cui:<\/span><\/p>\n<ul data-start=\"1037\" data-end=\"1907\">\n<li class=\"\" data-start=\"1037\" data-end=\"1074\">\n<p class=\"\" data-start=\"1039\" data-end=\"1074\"><strong data-start=\"1039\" data-end=\"1054\"><span style=\"vertical-align: inherit;\">Costruisci strumenti<\/span><\/strong><span style=\"vertical-align: inherit;\"> come Ant e Maven 2<\/span><\/p>\n<\/li>\n<li class=\"\" data-start=\"1075\" data-end=\"1169\">\n<p class=\"\" data-start=\"1077\" data-end=\"1169\"><strong data-start=\"1077\" data-end=\"1103\"><span style=\"vertical-align: inherit;\">Strumenti di controllo delle versioni<\/span><\/strong><span style=\"vertical-align: inherit;\"> come CVS e Subversion, i due strumenti open source pi\u00f9 diffusi<\/span><\/p>\n<\/li>\n<li class=\"\" data-start=\"1170\" data-end=\"1304\">\n<p class=\"\" data-start=\"1172\" data-end=\"1304\"><strong data-start=\"1172\" data-end=\"1199\"><span style=\"vertical-align: inherit;\">Strumenti di misurazione della qualit\u00e0<\/span><\/strong><span style=\"vertical-align: inherit;\"> che misurano vari aspetti della qualit\u00e0 del codice, tra cui CheckStyle, PMD, FindBugs e Jupiter<\/span><\/p>\n<\/li>\n<li class=\"\" data-start=\"1305\" data-end=\"1468\">\n<p class=\"\" data-start=\"1307\" data-end=\"1468\"><strong data-start=\"1307\" data-end=\"1341\"><span style=\"vertical-align: inherit;\">Strumenti di documentazione tecnica<\/span><\/strong><span style=\"vertical-align: inherit;\"> che ti aiutano a creare una buona documentazione tecnica senza investire troppo sforzo nella sua creazione e manutenzione<\/span><\/p>\n<\/li>\n<li class=\"\" data-start=\"1469\" data-end=\"1559\">\n<p class=\"\" data-start=\"1471\" data-end=\"1559\"><strong data-start=\"1471\" data-end=\"1493\"><span style=\"vertical-align: inherit;\">Strumenti di test unitari<\/span><\/strong><span style=\"vertical-align: inherit;\"> come JUnit 4, TestNG e lo strumento di copertura open source Cobertura<\/span><\/p>\n<\/li>\n<li class=\"\" data-start=\"1560\" data-end=\"1769\">\n<p class=\"\" data-start=\"1562\" data-end=\"1769\"><strong data-start=\"1562\" data-end=\"1605\"><span style=\"vertical-align: inherit;\">Test di integrazione, carico e prestazioni<\/span><\/strong><span style=\"vertical-align: inherit;\"> per integrare i test delle prestazioni nei test unitari, testare l&#8217;applicazione sotto carico e testare automaticamente i servizi Web, le interfacce Swing e le interfacce Web<\/span><\/p>\n<\/li>\n<li class=\"\" data-start=\"1770\" data-end=\"1820\">\n<p class=\"\" data-start=\"1772\" data-end=\"1820\"><strong data-start=\"1772\" data-end=\"1798\"><span style=\"vertical-align: inherit;\">Strumenti di gestione dei problemi<\/span><\/strong><span style=\"vertical-align: inherit;\"> come Bugzilla e Trac<\/span><\/p>\n<\/li>\n<li class=\"\" data-start=\"1821\" data-end=\"1907\">\n<p class=\"\" data-start=\"1823\" data-end=\"1907\"><strong data-start=\"1823\" data-end=\"1855\"><span style=\"vertical-align: inherit;\">Strumenti di integrazione continua<\/span><\/strong><span style=\"vertical-align: inherit;\"> come Continuum, Cruise Control, LuntBuild e Hudson<\/span><\/p>\n<\/li>\n<\/ul>\n<p class=\"\" data-start=\"1909\" data-end=\"2250\"><span style=\"vertical-align: inherit;\">Se sei uno sviluppatore Java, questi strumenti possono migliorare le tue pratiche di sviluppo e semplificare il tuo lavoro quotidiano. Da queste pagine, gli sviluppatori senior, gli architetti software e tutti coloro che sono interessati al quadro generale possono trarre spunti utili per migliorare l&#8217;infrastruttura dei loro progetti e le best practice.<\/span><\/p>\n","protected":false},"featured_media":240,"comment_status":"open","ping_status":"closed","template":"","meta":[],"product_brand":[],"product_cat":[79],"product_tag":[26,29,89,25],"class_list":{"0":"post-504","1":"product","2":"type-product","3":"status-publish","4":"has-post-thumbnail","6":"product_cat-libri-usati","7":"product_tag-inc","8":"product_tag-java-power-tools","9":"product_tag-john-ferguson","10":"product_tag-oreilly-media","12":"first","13":"instock","14":"taxable","15":"shipping-taxable","16":"purchasable","17":"product-type-simple"},"yoast_head":"<!-- This site is optimized with the Yoast SEO plugin v27.4 - https:\/\/yoast.com\/product\/yoast-seo-wordpress\/ -->\n<title>Libro Java Power Tools - Schifferle Computer<\/title>\n<meta name=\"robots\" content=\"index, follow, max-snippet:-1, max-image-preview:large, max-video-preview:-1\" \/>\n<link rel=\"canonical\" href=\"https:\/\/schifferlecomputer.ch\/it\/shop\/buch-java-power-tools\/\" \/>\n<meta property=\"og:locale\" content=\"it_IT\" \/>\n<meta property=\"og:type\" content=\"article\" \/>\n<meta property=\"og:title\" content=\"Libro Java Power Tools - Schifferle Computer\" \/>\n<meta property=\"og:description\" content=\"Tutti i veri artigiani hanno bisogno degli strumenti migliori per svolgere al meglio il loro lavoro, e i programmatori non fanno eccezione. Java Power Tools offre 30 strumenti open source pensati per migliorare le pratiche di sviluppo degli sviluppatori Java in team o organizzazioni di qualsiasi dimensione. Ogni capitolo contiene una serie di brevi articoli su uno strumento specifico, che si tratti di sistemi di compilazione, controllo delle versioni o altri aspetti del processo di sviluppo, offrendo l&#039;equivalente di 30 brevi manuali di riferimento in un unico pacchetto. Indipendentemente dal metodo di sviluppo scelto dal tuo team, Agile, RUP, XP, SCRUM o una delle tante altre metodologie disponibili, Java Power Tools fornisce tecniche e strumenti pratici per semplificare il processo. Il libro affronta questioni chiave nello sviluppo Java e le migliori pratiche, concentrandosi su strumenti open source che possono contribuire ad aumentare la produttivit\u00e0 in ogni area del ciclo di vita dello sviluppo, tra cui:     Costruisci strumenti come Ant e Maven 2    Strumenti di controllo delle versioni come CVS e Subversion, i due strumenti open source pi\u00f9 diffusi    Strumenti di misurazione della qualit\u00e0 che misurano vari aspetti della qualit\u00e0 del codice, tra cui CheckStyle, PMD, FindBugs e Jupiter    Strumenti di documentazione tecnica che ti aiutano a creare una buona documentazione tecnica senza investire troppo sforzo nella sua creazione e manutenzione    Strumenti di test unitari come JUnit 4, TestNG e lo strumento di copertura open source Cobertura    Test di integrazione, carico e prestazioni per integrare i test delle prestazioni nei test unitari, testare l&#039;applicazione sotto carico e testare automaticamente i servizi Web, le interfacce Swing e le interfacce Web    Strumenti di gestione dei problemi come Bugzilla e Trac    Strumenti di integrazione continua come Continuum, Cruise Control, LuntBuild e Hudson   Se sei uno sviluppatore Java, questi strumenti possono migliorare le tue pratiche di sviluppo e semplificare il tuo lavoro quotidiano. Da queste pagine, gli sviluppatori senior, gli architetti software e tutti coloro che sono interessati al quadro generale possono trarre spunti utili per migliorare l&#039;infrastruttura dei loro progetti e le best practice.\" \/>\n<meta property=\"og:url\" content=\"https:\/\/schifferlecomputer.ch\/it\/shop\/buch-java-power-tools\/\" \/>\n<meta property=\"og:site_name\" content=\"Schifferle Computer\" \/>\n<meta property=\"article:modified_time\" content=\"2025-06-05T15:09:27+00:00\" \/>\n<meta property=\"og:image\" content=\"https:\/\/schifferlecomputer.ch\/wp-content\/uploads\/2025\/04\/John-Ferguson-Smart.jpg\" \/>\n\t<meta property=\"og:image:width\" content=\"250\" \/>\n\t<meta property=\"og:image:height\" content=\"328\" \/>\n\t<meta property=\"og:image:type\" content=\"image\/jpeg\" \/>\n<meta name=\"twitter:card\" content=\"summary_large_image\" \/>\n<script type=\"application\/ld+json\" class=\"yoast-schema-graph\">{\"@context\":\"https:\\\/\\\/schema.org\",\"@graph\":[{\"@type\":\"WebPage\",\"@id\":\"https:\\\/\\\/schifferlecomputer.ch\\\/it\\\/shop\\\/buch-java-power-tools\\\/\",\"url\":\"https:\\\/\\\/schifferlecomputer.ch\\\/it\\\/shop\\\/buch-java-power-tools\\\/\",\"name\":\"Libro Java Power Tools - Schifferle Computer\",\"isPartOf\":{\"@id\":\"https:\\\/\\\/schifferlecomputer.ch\\\/#website\"},\"primaryImageOfPage\":{\"@id\":\"https:\\\/\\\/schifferlecomputer.ch\\\/it\\\/shop\\\/buch-java-power-tools\\\/#primaryimage\"},\"image\":{\"@id\":\"https:\\\/\\\/schifferlecomputer.ch\\\/it\\\/shop\\\/buch-java-power-tools\\\/#primaryimage\"},\"thumbnailUrl\":\"https:\\\/\\\/schifferlecomputer.ch\\\/wp-content\\\/uploads\\\/2025\\\/04\\\/John-Ferguson-Smart.jpg\",\"datePublished\":\"2025-05-07T14:09:39+00:00\",\"dateModified\":\"2025-06-05T15:09:27+00:00\",\"breadcrumb\":{\"@id\":\"https:\\\/\\\/schifferlecomputer.ch\\\/it\\\/shop\\\/buch-java-power-tools\\\/#breadcrumb\"},\"inLanguage\":\"it-IT\",\"potentialAction\":[{\"@type\":\"ReadAction\",\"target\":[\"https:\\\/\\\/schifferlecomputer.ch\\\/it\\\/shop\\\/buch-java-power-tools\\\/\"]}]},{\"@type\":\"ImageObject\",\"inLanguage\":\"it-IT\",\"@id\":\"https:\\\/\\\/schifferlecomputer.ch\\\/it\\\/shop\\\/buch-java-power-tools\\\/#primaryimage\",\"url\":\"https:\\\/\\\/schifferlecomputer.ch\\\/wp-content\\\/uploads\\\/2025\\\/04\\\/John-Ferguson-Smart.jpg\",\"contentUrl\":\"https:\\\/\\\/schifferlecomputer.ch\\\/wp-content\\\/uploads\\\/2025\\\/04\\\/John-Ferguson-Smart.jpg\",\"width\":250,\"height\":328},{\"@type\":\"BreadcrumbList\",\"@id\":\"https:\\\/\\\/schifferlecomputer.ch\\\/it\\\/shop\\\/buch-java-power-tools\\\/#breadcrumb\",\"itemListElement\":[{\"@type\":\"ListItem\",\"position\":1,\"name\":\"Start\",\"item\":\"https:\\\/\\\/schifferlecomputer.ch\\\/it\\\/\"},{\"@type\":\"ListItem\",\"position\":2,\"name\":\"Shop\",\"item\":\"https:\\\/\\\/schifferlecomputer.ch\\\/shop\\\/\"},{\"@type\":\"ListItem\",\"position\":3,\"name\":\"Libro Java Power Tools\"}]},{\"@type\":\"WebSite\",\"@id\":\"https:\\\/\\\/schifferlecomputer.ch\\\/#website\",\"url\":\"https:\\\/\\\/schifferlecomputer.ch\\\/\",\"name\":\"Schifferle Computer\",\"description\":\"\",\"potentialAction\":[{\"@type\":\"SearchAction\",\"target\":{\"@type\":\"EntryPoint\",\"urlTemplate\":\"https:\\\/\\\/schifferlecomputer.ch\\\/?s={search_term_string}\"},\"query-input\":{\"@type\":\"PropertyValueSpecification\",\"valueRequired\":true,\"valueName\":\"search_term_string\"}}],\"inLanguage\":\"it-IT\"}]}<\/script>\n<!-- \/ Yoast SEO plugin. -->","yoast_head_json":{"title":"Libro Java Power Tools - Schifferle Computer","robots":{"index":"index","follow":"follow","max-snippet":"max-snippet:-1","max-image-preview":"max-image-preview:large","max-video-preview":"max-video-preview:-1"},"canonical":"https:\/\/schifferlecomputer.ch\/it\/shop\/buch-java-power-tools\/","og_locale":"it_IT","og_type":"article","og_title":"Libro Java Power Tools - Schifferle Computer","og_description":"Tutti i veri artigiani hanno bisogno degli strumenti migliori per svolgere al meglio il loro lavoro, e i programmatori non fanno eccezione. Java Power Tools offre 30 strumenti open source pensati per migliorare le pratiche di sviluppo degli sviluppatori Java in team o organizzazioni di qualsiasi dimensione. Ogni capitolo contiene una serie di brevi articoli su uno strumento specifico, che si tratti di sistemi di compilazione, controllo delle versioni o altri aspetti del processo di sviluppo, offrendo l'equivalente di 30 brevi manuali di riferimento in un unico pacchetto. Indipendentemente dal metodo di sviluppo scelto dal tuo team, Agile, RUP, XP, SCRUM o una delle tante altre metodologie disponibili, Java Power Tools fornisce tecniche e strumenti pratici per semplificare il processo. Il libro affronta questioni chiave nello sviluppo Java e le migliori pratiche, concentrandosi su strumenti open source che possono contribuire ad aumentare la produttivit\u00e0 in ogni area del ciclo di vita dello sviluppo, tra cui:     Costruisci strumenti come Ant e Maven 2    Strumenti di controllo delle versioni come CVS e Subversion, i due strumenti open source pi\u00f9 diffusi    Strumenti di misurazione della qualit\u00e0 che misurano vari aspetti della qualit\u00e0 del codice, tra cui CheckStyle, PMD, FindBugs e Jupiter    Strumenti di documentazione tecnica che ti aiutano a creare una buona documentazione tecnica senza investire troppo sforzo nella sua creazione e manutenzione    Strumenti di test unitari come JUnit 4, TestNG e lo strumento di copertura open source Cobertura    Test di integrazione, carico e prestazioni per integrare i test delle prestazioni nei test unitari, testare l'applicazione sotto carico e testare automaticamente i servizi Web, le interfacce Swing e le interfacce Web    Strumenti di gestione dei problemi come Bugzilla e Trac    Strumenti di integrazione continua come Continuum, Cruise Control, LuntBuild e Hudson   Se sei uno sviluppatore Java, questi strumenti possono migliorare le tue pratiche di sviluppo e semplificare il tuo lavoro quotidiano. Da queste pagine, gli sviluppatori senior, gli architetti software e tutti coloro che sono interessati al quadro generale possono trarre spunti utili per migliorare l'infrastruttura dei loro progetti e le best practice.","og_url":"https:\/\/schifferlecomputer.ch\/it\/shop\/buch-java-power-tools\/","og_site_name":"Schifferle Computer","article_modified_time":"2025-06-05T15:09:27+00:00","og_image":[{"width":250,"height":328,"url":"https:\/\/schifferlecomputer.ch\/wp-content\/uploads\/2025\/04\/John-Ferguson-Smart.jpg","type":"image\/jpeg"}],"twitter_card":"summary_large_image","schema":{"@context":"https:\/\/schema.org","@graph":[{"@type":"WebPage","@id":"https:\/\/schifferlecomputer.ch\/it\/shop\/buch-java-power-tools\/","url":"https:\/\/schifferlecomputer.ch\/it\/shop\/buch-java-power-tools\/","name":"Libro Java Power Tools - Schifferle Computer","isPartOf":{"@id":"https:\/\/schifferlecomputer.ch\/#website"},"primaryImageOfPage":{"@id":"https:\/\/schifferlecomputer.ch\/it\/shop\/buch-java-power-tools\/#primaryimage"},"image":{"@id":"https:\/\/schifferlecomputer.ch\/it\/shop\/buch-java-power-tools\/#primaryimage"},"thumbnailUrl":"https:\/\/schifferlecomputer.ch\/wp-content\/uploads\/2025\/04\/John-Ferguson-Smart.jpg","datePublished":"2025-05-07T14:09:39+00:00","dateModified":"2025-06-05T15:09:27+00:00","breadcrumb":{"@id":"https:\/\/schifferlecomputer.ch\/it\/shop\/buch-java-power-tools\/#breadcrumb"},"inLanguage":"it-IT","potentialAction":[{"@type":"ReadAction","target":["https:\/\/schifferlecomputer.ch\/it\/shop\/buch-java-power-tools\/"]}]},{"@type":"ImageObject","inLanguage":"it-IT","@id":"https:\/\/schifferlecomputer.ch\/it\/shop\/buch-java-power-tools\/#primaryimage","url":"https:\/\/schifferlecomputer.ch\/wp-content\/uploads\/2025\/04\/John-Ferguson-Smart.jpg","contentUrl":"https:\/\/schifferlecomputer.ch\/wp-content\/uploads\/2025\/04\/John-Ferguson-Smart.jpg","width":250,"height":328},{"@type":"BreadcrumbList","@id":"https:\/\/schifferlecomputer.ch\/it\/shop\/buch-java-power-tools\/#breadcrumb","itemListElement":[{"@type":"ListItem","position":1,"name":"Start","item":"https:\/\/schifferlecomputer.ch\/it\/"},{"@type":"ListItem","position":2,"name":"Shop","item":"https:\/\/schifferlecomputer.ch\/shop\/"},{"@type":"ListItem","position":3,"name":"Libro Java Power Tools"}]},{"@type":"WebSite","@id":"https:\/\/schifferlecomputer.ch\/#website","url":"https:\/\/schifferlecomputer.ch\/","name":"Schifferle Computer","description":"","potentialAction":[{"@type":"SearchAction","target":{"@type":"EntryPoint","urlTemplate":"https:\/\/schifferlecomputer.ch\/?s={search_term_string}"},"query-input":{"@type":"PropertyValueSpecification","valueRequired":true,"valueName":"search_term_string"}}],"inLanguage":"it-IT"}]}},"_links":{"self":[{"href":"https:\/\/schifferlecomputer.ch\/it\/wp-json\/wp\/v2\/product\/504","targetHints":{"allow":["GET"]}}],"collection":[{"href":"https:\/\/schifferlecomputer.ch\/it\/wp-json\/wp\/v2\/product"}],"about":[{"href":"https:\/\/schifferlecomputer.ch\/it\/wp-json\/wp\/v2\/types\/product"}],"replies":[{"embeddable":true,"href":"https:\/\/schifferlecomputer.ch\/it\/wp-json\/wp\/v2\/comments?post=504"}],"wp:featuredmedia":[{"embeddable":true,"href":"https:\/\/schifferlecomputer.ch\/it\/wp-json\/wp\/v2\/media\/240"}],"wp:attachment":[{"href":"https:\/\/schifferlecomputer.ch\/it\/wp-json\/wp\/v2\/media?parent=504"}],"wp:term":[{"taxonomy":"product_brand","embeddable":true,"href":"https:\/\/schifferlecomputer.ch\/it\/wp-json\/wp\/v2\/product_brand?post=504"},{"taxonomy":"product_cat","embeddable":true,"href":"https:\/\/schifferlecomputer.ch\/it\/wp-json\/wp\/v2\/product_cat?post=504"},{"taxonomy":"product_tag","embeddable":true,"href":"https:\/\/schifferlecomputer.ch\/it\/wp-json\/wp\/v2\/product_tag?post=504"}],"curies":[{"name":"wp","href":"https:\/\/api.w.org\/{rel}","templated":true}]}}